{"id":13338,"date":"2024-02-13T14:22:52","date_gmt":"2024-02-13T14:22:52","guid":{"rendered":"https:\/\/bschairs.it\/?post_type=product&#038;p=13338"},"modified":"2024-05-21T08:03:54","modified_gmt":"2024-05-21T08:03:54","slug":"anversa","status":"publish","type":"product","link":"https:\/\/bschairs.it\/de\/negozio\/tutti-gli-stili\/stile-contemporaneo\/anversa\/","title":{"rendered":"Anversa"},"content":{"rendered":"<p>Sessel mit einem unverwechselbaren Charakter, der ein perfektes Gleichgewicht zwischen Stil und Komfort bietet. Der Sitz ist weich und einladend, mit sorgf\u00e4ltig gefertigtem Stoff bezogen. Ein ideales M\u00f6belst\u00fcck als k\u00fcnstlerischer Blickfang in einem Lounge-Bereich, einem Hotelzimmer oder einer Leseecke.<\/p>","protected":false},"excerpt":{"rendered":"<p>Sessel mit einem unverwechselbaren Charakter, der ein perfektes Gleichgewicht zwischen Stil und Komfort bietet. Der Sitz ist weich und einladend, mit sorgf\u00e4ltig gefertigtem Stoff bezogen. Ein ideales M\u00f6belst\u00fcck als k\u00fcnstlerischer Blickfang in einem Lounge-Bereich, einem Hotelzimmer oder einer Leseecke.<\/p>","protected":false},"featured_media":13472,"comment_status":"closed","ping_status":"closed","template":"","meta":[],"product_brand":[],"product_cat":[126,125],"product_tag":[134],"class_list":{"0":"post-13338","1":"product","2":"type-product","3":"status-publish","4":"has-post-thumbnail","6":"product_cat-stile-contemporaneo","7":"product_cat-tutti-gli-stili","8":"product_tag-poltrone","10":"first","11":"instock","12":"shipping-taxable","13":"product-type-simple"},"_links":{"self":[{"href":"https:\/\/bschairs.it\/de\/wp-json\/wp\/v2\/product\/13338","targetHints":{"allow":["GET"]}}],"collection":[{"href":"https:\/\/bschairs.it\/de\/wp-json\/wp\/v2\/product"}],"about":[{"href":"https:\/\/bschairs.it\/de\/wp-json\/wp\/v2\/types\/product"}],"replies":[{"embeddable":true,"href":"https:\/\/bschairs.it\/de\/wp-json\/wp\/v2\/comments?post=13338"}],"wp:featuredmedia":[{"embeddable":true,"href":"https:\/\/bschairs.it\/de\/wp-json\/wp\/v2\/media\/13472"}],"wp:attachment":[{"href":"https:\/\/bschairs.it\/de\/wp-json\/wp\/v2\/media?parent=13338"}],"wp:term":[{"taxonomy":"product_brand","embeddable":true,"href":"https:\/\/bschairs.it\/de\/wp-json\/wp\/v2\/product_brand?post=13338"},{"taxonomy":"product_cat","embeddable":true,"href":"https:\/\/bschairs.it\/de\/wp-json\/wp\/v2\/product_cat?post=13338"},{"taxonomy":"product_tag","embeddable":true,"href":"https:\/\/bschairs.it\/de\/wp-json\/wp\/v2\/product_tag?post=13338"}],"curies":[{"name":"wp","href":"https:\/\/api.w.org\/{rel}","templated":true}]}}