{"id":13339,"date":"2024-02-13T14:22:52","date_gmt":"2024-02-13T14:22:52","guid":{"rendered":"https:\/\/bschairs.it\/?post_type=product&#038;p=13339"},"modified":"2024-05-21T08:04:43","modified_gmt":"2024-05-21T08:04:43","slug":"francoforte","status":"publish","type":"product","link":"https:\/\/bschairs.it\/de\/negozio\/tutti-gli-stili\/stile-contemporaneo\/francoforte\/","title":{"rendered":"Francoforte"},"content":{"rendered":"<p>Gepolsterter Sessel mit Bezug aus Samt und Stoff, mit gro\u00dfz\u00fcgigem Sitz und breiter R\u00fcckenlehne. Diese Sessel sind eine hervorragende Wahl, um gro\u00dfz\u00fcgige Entspannungsbereiche, Wartezimmer oder Leseecken zu versch\u00f6nern.<\/p>","protected":false},"excerpt":{"rendered":"<p>Gepolsterter Sessel mit Bezug aus Samt und Stoff, mit gro\u00dfz\u00fcgigem Sitz und breiter R\u00fcckenlehne. Diese Sessel sind eine hervorragende Wahl, um gro\u00dfz\u00fcgige Entspannungsbereiche, Wartezimmer oder Leseecken zu versch\u00f6nern.<\/p>","protected":false},"featured_media":13477,"comment_status":"closed","ping_status":"closed","template":"","meta":[],"product_brand":[],"product_cat":[126,125],"product_tag":[134],"class_list":{"0":"post-13339","1":"product","2":"type-product","3":"status-publish","4":"has-post-thumbnail","6":"product_cat-stile-contemporaneo","7":"product_cat-tutti-gli-stili","8":"product_tag-poltrone","10":"first","11":"instock","12":"shipping-taxable","13":"product-type-simple"},"_links":{"self":[{"href":"https:\/\/bschairs.it\/de\/wp-json\/wp\/v2\/product\/13339","targetHints":{"allow":["GET"]}}],"collection":[{"href":"https:\/\/bschairs.it\/de\/wp-json\/wp\/v2\/product"}],"about":[{"href":"https:\/\/bschairs.it\/de\/wp-json\/wp\/v2\/types\/product"}],"replies":[{"embeddable":true,"href":"https:\/\/bschairs.it\/de\/wp-json\/wp\/v2\/comments?post=13339"}],"wp:featuredmedia":[{"embeddable":true,"href":"https:\/\/bschairs.it\/de\/wp-json\/wp\/v2\/media\/13477"}],"wp:attachment":[{"href":"https:\/\/bschairs.it\/de\/wp-json\/wp\/v2\/media?parent=13339"}],"wp:term":[{"taxonomy":"product_brand","embeddable":true,"href":"https:\/\/bschairs.it\/de\/wp-json\/wp\/v2\/product_brand?post=13339"},{"taxonomy":"product_cat","embeddable":true,"href":"https:\/\/bschairs.it\/de\/wp-json\/wp\/v2\/product_cat?post=13339"},{"taxonomy":"product_tag","embeddable":true,"href":"https:\/\/bschairs.it\/de\/wp-json\/wp\/v2\/product_tag?post=13339"}],"curies":[{"name":"wp","href":"https:\/\/api.w.org\/{rel}","templated":true}]}}