{"id":13340,"date":"2024-02-13T14:22:52","date_gmt":"2024-02-13T14:22:52","guid":{"rendered":"https:\/\/bschairs.it\/?post_type=product&#038;p=13340"},"modified":"2024-05-21T08:05:26","modified_gmt":"2024-05-21T08:05:26","slug":"dublino-2","status":"publish","type":"product","link":"https:\/\/bschairs.it\/de\/negozio\/tutti-gli-stili\/stile-contemporaneo\/dublino-2\/","title":{"rendered":"Dublino"},"content":{"rendered":"<p>Zylindrischer multifunktionaler Hocker, der jedem Raum einen Hauch von Luxus und Modernit\u00e4t verleiht. Seine gl\u00e4nzende Oberfl\u00e4che und einfache Form machen ihn vielseitig einsetzbar und geeignet als zus\u00e4tzlicher Sitzplatz, Fu\u00dfst\u00fctze oder sogar als Beistelltisch mit einem Tablett.<\/p>","protected":false},"excerpt":{"rendered":"<p>Zylindrischer multifunktionaler Hocker, der jedem Raum einen Hauch von Luxus und Modernit\u00e4t verleiht. Seine gl\u00e4nzende Oberfl\u00e4che und einfache Form machen ihn vielseitig einsetzbar und geeignet als zus\u00e4tzlicher Sitzplatz, Fu\u00dfst\u00fctze oder sogar als Beistelltisch mit einem Tablett.<\/p>","protected":false},"featured_media":13481,"comment_status":"closed","ping_status":"closed","template":"","meta":[],"product_brand":[],"product_cat":[126,125],"product_tag":[136],"class_list":{"0":"post-13340","1":"product","2":"type-product","3":"status-publish","4":"has-post-thumbnail","6":"product_cat-stile-contemporaneo","7":"product_cat-tutti-gli-stili","8":"product_tag-pouf","10":"first","11":"instock","12":"shipping-taxable","13":"product-type-simple"},"_links":{"self":[{"href":"https:\/\/bschairs.it\/de\/wp-json\/wp\/v2\/product\/13340","targetHints":{"allow":["GET"]}}],"collection":[{"href":"https:\/\/bschairs.it\/de\/wp-json\/wp\/v2\/product"}],"about":[{"href":"https:\/\/bschairs.it\/de\/wp-json\/wp\/v2\/types\/product"}],"replies":[{"embeddable":true,"href":"https:\/\/bschairs.it\/de\/wp-json\/wp\/v2\/comments?post=13340"}],"wp:featuredmedia":[{"embeddable":true,"href":"https:\/\/bschairs.it\/de\/wp-json\/wp\/v2\/media\/13481"}],"wp:attachment":[{"href":"https:\/\/bschairs.it\/de\/wp-json\/wp\/v2\/media?parent=13340"}],"wp:term":[{"taxonomy":"product_brand","embeddable":true,"href":"https:\/\/bschairs.it\/de\/wp-json\/wp\/v2\/product_brand?post=13340"},{"taxonomy":"product_cat","embeddable":true,"href":"https:\/\/bschairs.it\/de\/wp-json\/wp\/v2\/product_cat?post=13340"},{"taxonomy":"product_tag","embeddable":true,"href":"https:\/\/bschairs.it\/de\/wp-json\/wp\/v2\/product_tag?post=13340"}],"curies":[{"name":"wp","href":"https:\/\/api.w.org\/{rel}","templated":true}]}}