{"id":13361,"date":"2024-02-13T14:23:13","date_gmt":"2024-02-13T14:23:13","guid":{"rendered":"https:\/\/bschairs.it\/?post_type=product&#038;p=13361"},"modified":"2024-05-20T13:45:52","modified_gmt":"2024-05-20T13:45:52","slug":"londra","status":"publish","type":"product","link":"https:\/\/bschairs.it\/de\/negozio\/tutti-gli-stili\/stile-contemporaneo\/londra\/","title":{"rendered":"Londra"},"content":{"rendered":"<p>Ein moderner Sessel mit k\u00fchnem und geometrischem Design. Die Struktur verf\u00fcgt \u00fcber Armlehnen und Beine aus schwarz lackierter Buche, die scharfe Winkel bilden. Ein ideales M\u00f6belst\u00fcck f\u00fcr zeitgem\u00e4\u00dfe Umgebungen, die eine starke Identit\u00e4t suchen, ohne den Komfort zu beeintr\u00e4chtigen.<\/p>","protected":false},"excerpt":{"rendered":"<p>Ein moderner Sessel mit k\u00fchnem und geometrischem Design. Die Struktur verf\u00fcgt \u00fcber Armlehnen und Beine aus schwarz lackierter Buche, die scharfe Winkel bilden. Ein ideales M\u00f6belst\u00fcck f\u00fcr zeitgem\u00e4\u00dfe Umgebungen, die eine starke Identit\u00e4t suchen, ohne den Komfort zu beeintr\u00e4chtigen.<\/p>","protected":false},"featured_media":13482,"comment_status":"closed","ping_status":"closed","template":"","meta":[],"product_brand":[],"product_cat":[126,125],"product_tag":[134],"class_list":{"0":"post-13361","1":"product","2":"type-product","3":"status-publish","4":"has-post-thumbnail","6":"product_cat-stile-contemporaneo","7":"product_cat-tutti-gli-stili","8":"product_tag-poltrone","10":"first","11":"instock","12":"shipping-taxable","13":"product-type-simple"},"_links":{"self":[{"href":"https:\/\/bschairs.it\/de\/wp-json\/wp\/v2\/product\/13361","targetHints":{"allow":["GET"]}}],"collection":[{"href":"https:\/\/bschairs.it\/de\/wp-json\/wp\/v2\/product"}],"about":[{"href":"https:\/\/bschairs.it\/de\/wp-json\/wp\/v2\/types\/product"}],"replies":[{"embeddable":true,"href":"https:\/\/bschairs.it\/de\/wp-json\/wp\/v2\/comments?post=13361"}],"wp:featuredmedia":[{"embeddable":true,"href":"https:\/\/bschairs.it\/de\/wp-json\/wp\/v2\/media\/13482"}],"wp:attachment":[{"href":"https:\/\/bschairs.it\/de\/wp-json\/wp\/v2\/media?parent=13361"}],"wp:term":[{"taxonomy":"product_brand","embeddable":true,"href":"https:\/\/bschairs.it\/de\/wp-json\/wp\/v2\/product_brand?post=13361"},{"taxonomy":"product_cat","embeddable":true,"href":"https:\/\/bschairs.it\/de\/wp-json\/wp\/v2\/product_cat?post=13361"},{"taxonomy":"product_tag","embeddable":true,"href":"https:\/\/bschairs.it\/de\/wp-json\/wp\/v2\/product_tag?post=13361"}],"curies":[{"name":"wp","href":"https:\/\/api.w.org\/{rel}","templated":true}]}}