{"id":13362,"date":"2024-02-13T14:23:13","date_gmt":"2024-02-13T14:23:13","guid":{"rendered":"https:\/\/bschairs.it\/?post_type=product&#038;p=13362"},"modified":"2024-05-20T13:46:53","modified_gmt":"2024-05-20T13:46:53","slug":"dublino-3","status":"publish","type":"product","link":"https:\/\/bschairs.it\/de\/negozio\/tutti-gli-stili\/stile-contemporaneo\/dublino-3\/","title":{"rendered":"Dublino"},"content":{"rendered":"<p>Ein perfekter Sessel f\u00fcr Flure oder Entspannungsbereiche, um dem Dekor einen Hauch von Eleganz und Komfort zu verleihen. Gekennzeichnet durch eine breite Sitzfl\u00e4che und eine hohe R\u00fcckenlehne bietet er Komfort und Gem\u00fctlichkeit. Ein Vorzeigeprodukt der Polstersessel von BS Chairs.<\/p>","protected":false},"excerpt":{"rendered":"<p>Ein perfekter Sessel f\u00fcr Flure oder Entspannungsbereiche, um dem Dekor einen Hauch von Eleganz und Komfort zu verleihen. Gekennzeichnet durch eine breite Sitzfl\u00e4che und eine hohe R\u00fcckenlehne bietet er Komfort und Gem\u00fctlichkeit. Ein Vorzeigeprodukt der Polstersessel von BS Chairs.<\/p>","protected":false},"featured_media":13486,"comment_status":"closed","ping_status":"closed","template":"","meta":[],"product_brand":[],"product_cat":[126,125],"product_tag":[134],"class_list":{"0":"post-13362","1":"product","2":"type-product","3":"status-publish","4":"has-post-thumbnail","6":"product_cat-stile-contemporaneo","7":"product_cat-tutti-gli-stili","8":"product_tag-poltrone","10":"first","11":"instock","12":"shipping-taxable","13":"product-type-simple"},"_links":{"self":[{"href":"https:\/\/bschairs.it\/de\/wp-json\/wp\/v2\/product\/13362","targetHints":{"allow":["GET"]}}],"collection":[{"href":"https:\/\/bschairs.it\/de\/wp-json\/wp\/v2\/product"}],"about":[{"href":"https:\/\/bschairs.it\/de\/wp-json\/wp\/v2\/types\/product"}],"replies":[{"embeddable":true,"href":"https:\/\/bschairs.it\/de\/wp-json\/wp\/v2\/comments?post=13362"}],"wp:featuredmedia":[{"embeddable":true,"href":"https:\/\/bschairs.it\/de\/wp-json\/wp\/v2\/media\/13486"}],"wp:attachment":[{"href":"https:\/\/bschairs.it\/de\/wp-json\/wp\/v2\/media?parent=13362"}],"wp:term":[{"taxonomy":"product_brand","embeddable":true,"href":"https:\/\/bschairs.it\/de\/wp-json\/wp\/v2\/product_brand?post=13362"},{"taxonomy":"product_cat","embeddable":true,"href":"https:\/\/bschairs.it\/de\/wp-json\/wp\/v2\/product_cat?post=13362"},{"taxonomy":"product_tag","embeddable":true,"href":"https:\/\/bschairs.it\/de\/wp-json\/wp\/v2\/product_tag?post=13362"}],"curies":[{"name":"wp","href":"https:\/\/api.w.org\/{rel}","templated":true}]}}