{"id":13363,"date":"2024-02-13T14:23:13","date_gmt":"2024-02-13T14:23:13","guid":{"rendered":"https:\/\/bschairs.it\/?post_type=product&#038;p=13363"},"modified":"2024-05-20T13:47:54","modified_gmt":"2024-05-20T13:47:54","slug":"dublino-4","status":"publish","type":"product","link":"https:\/\/bschairs.it\/de\/negozio\/tutti-gli-stili\/stile-contemporaneo\/dublino-4\/","title":{"rendered":"Dublino"},"content":{"rendered":"<p>Modernes Sofa mit einem handwerklichen Touch. Die Holzbeine mit nat\u00fcrlicher Oberfl\u00e4che erheben sich diskret und unterst\u00fctzen das Sofa elegant und minimalistisch. Ein perfektes M\u00f6belst\u00fcck f\u00fcr gro\u00dfe Hotel- und Resort-Lounges.<\/p>","protected":false},"excerpt":{"rendered":"<p>Modernes Sofa mit einem handwerklichen Touch. Die Holzbeine mit nat\u00fcrlicher Oberfl\u00e4che erheben sich diskret und unterst\u00fctzen das Sofa elegant und minimalistisch. Ein perfektes M\u00f6belst\u00fcck f\u00fcr gro\u00dfe Hotel- und Resort-Lounges.<\/p>","protected":false},"featured_media":13490,"comment_status":"closed","ping_status":"closed","template":"","meta":[],"product_brand":[],"product_cat":[126,125],"product_tag":[135],"class_list":{"0":"post-13363","1":"product","2":"type-product","3":"status-publish","4":"has-post-thumbnail","6":"product_cat-stile-contemporaneo","7":"product_cat-tutti-gli-stili","8":"product_tag-divani","10":"first","11":"instock","12":"shipping-taxable","13":"product-type-simple"},"_links":{"self":[{"href":"https:\/\/bschairs.it\/de\/wp-json\/wp\/v2\/product\/13363","targetHints":{"allow":["GET"]}}],"collection":[{"href":"https:\/\/bschairs.it\/de\/wp-json\/wp\/v2\/product"}],"about":[{"href":"https:\/\/bschairs.it\/de\/wp-json\/wp\/v2\/types\/product"}],"replies":[{"embeddable":true,"href":"https:\/\/bschairs.it\/de\/wp-json\/wp\/v2\/comments?post=13363"}],"wp:featuredmedia":[{"embeddable":true,"href":"https:\/\/bschairs.it\/de\/wp-json\/wp\/v2\/media\/13490"}],"wp:attachment":[{"href":"https:\/\/bschairs.it\/de\/wp-json\/wp\/v2\/media?parent=13363"}],"wp:term":[{"taxonomy":"product_brand","embeddable":true,"href":"https:\/\/bschairs.it\/de\/wp-json\/wp\/v2\/product_brand?post=13363"},{"taxonomy":"product_cat","embeddable":true,"href":"https:\/\/bschairs.it\/de\/wp-json\/wp\/v2\/product_cat?post=13363"},{"taxonomy":"product_tag","embeddable":true,"href":"https:\/\/bschairs.it\/de\/wp-json\/wp\/v2\/product_tag?post=13363"}],"curies":[{"name":"wp","href":"https:\/\/api.w.org\/{rel}","templated":true}]}}