{"id":13364,"date":"2024-02-13T14:23:13","date_gmt":"2024-02-13T14:23:13","guid":{"rendered":"https:\/\/bschairs.it\/?post_type=product&#038;p=13364"},"modified":"2024-05-20T13:49:11","modified_gmt":"2024-05-20T13:49:11","slug":"bolzano","status":"publish","type":"product","link":"https:\/\/bschairs.it\/de\/negozio\/tutti-gli-stili\/stile-contemporaneo\/bolzano\/","title":{"rendered":"Bolzano"},"content":{"rendered":"<p>Sessel mit einer breiten Sitzfl\u00e4che und einer hohen R\u00fcckenlehne, die zum Zur\u00fccklehnen und Entspannen einladen. Die Einzigartigkeit dieses Sessels wird durch die schwarzen Holzarmlehnen betont, die ein X bilden und strukturelle \u00c4sthetik und Design kombinieren.<\/p>","protected":false},"excerpt":{"rendered":"<p>Sessel mit einer breiten Sitzfl\u00e4che und einer hohen R\u00fcckenlehne, die zum Zur\u00fccklehnen und Entspannen einladen. Die Einzigartigkeit dieses Sessels wird durch die schwarzen Holzarmlehnen betont, die ein X bilden und strukturelle \u00c4sthetik und Design kombinieren.<\/p>","protected":false},"featured_media":13494,"comment_status":"closed","ping_status":"closed","template":"","meta":[],"product_brand":[],"product_cat":[126,125],"product_tag":[134],"class_list":{"0":"post-13364","1":"product","2":"type-product","3":"status-publish","4":"has-post-thumbnail","6":"product_cat-stile-contemporaneo","7":"product_cat-tutti-gli-stili","8":"product_tag-poltrone","10":"first","11":"instock","12":"shipping-taxable","13":"product-type-simple"},"_links":{"self":[{"href":"https:\/\/bschairs.it\/de\/wp-json\/wp\/v2\/product\/13364","targetHints":{"allow":["GET"]}}],"collection":[{"href":"https:\/\/bschairs.it\/de\/wp-json\/wp\/v2\/product"}],"about":[{"href":"https:\/\/bschairs.it\/de\/wp-json\/wp\/v2\/types\/product"}],"replies":[{"embeddable":true,"href":"https:\/\/bschairs.it\/de\/wp-json\/wp\/v2\/comments?post=13364"}],"wp:featuredmedia":[{"embeddable":true,"href":"https:\/\/bschairs.it\/de\/wp-json\/wp\/v2\/media\/13494"}],"wp:attachment":[{"href":"https:\/\/bschairs.it\/de\/wp-json\/wp\/v2\/media?parent=13364"}],"wp:term":[{"taxonomy":"product_brand","embeddable":true,"href":"https:\/\/bschairs.it\/de\/wp-json\/wp\/v2\/product_brand?post=13364"},{"taxonomy":"product_cat","embeddable":true,"href":"https:\/\/bschairs.it\/de\/wp-json\/wp\/v2\/product_cat?post=13364"},{"taxonomy":"product_tag","embeddable":true,"href":"https:\/\/bschairs.it\/de\/wp-json\/wp\/v2\/product_tag?post=13364"}],"curies":[{"name":"wp","href":"https:\/\/api.w.org\/{rel}","templated":true}]}}