{"id":13382,"date":"2024-02-13T14:23:39","date_gmt":"2024-02-13T14:23:39","guid":{"rendered":"https:\/\/bschairs.it\/?post_type=product&#038;p=13382"},"modified":"2024-05-20T13:41:19","modified_gmt":"2024-05-20T13:41:19","slug":"buffalo-2","status":"publish","type":"product","link":"https:\/\/bschairs.it\/de\/negozio\/tutti-gli-stili\/stile-contemporaneo\/buffalo-2\/","title":{"rendered":"Buffalo"},"content":{"rendered":"<p>Eleganter und minimalistischer Esszimmerstuhl, ideal, um Ihrem Raum einen Hauch von Klasse und Einfachheit zu verleihen. Dieser Stuhl ist perfekt f\u00fcr diejenigen, die eine Mischung aus Funktionalit\u00e4t und zeitlosem Design suchen und ideal, um einen eleganten Esstisch zu erg\u00e4nzen.<\/p>","protected":false},"excerpt":{"rendered":"<p>Eleganter und minimalistischer Esszimmerstuhl, ideal, um Ihrem Raum einen Hauch von Klasse und Einfachheit zu verleihen. Dieser Stuhl ist perfekt f\u00fcr diejenigen, die eine Mischung aus Funktionalit\u00e4t und zeitlosem Design suchen und ideal, um einen eleganten Esstisch zu erg\u00e4nzen.<\/p>","protected":false},"featured_media":13508,"comment_status":"closed","ping_status":"closed","template":"","meta":[],"product_brand":[],"product_cat":[126,125],"product_tag":[130],"class_list":{"0":"post-13382","1":"product","2":"type-product","3":"status-publish","4":"has-post-thumbnail","6":"product_cat-stile-contemporaneo","7":"product_cat-tutti-gli-stili","8":"product_tag-sedie","10":"first","11":"instock","12":"shipping-taxable","13":"product-type-simple"},"_links":{"self":[{"href":"https:\/\/bschairs.it\/de\/wp-json\/wp\/v2\/product\/13382","targetHints":{"allow":["GET"]}}],"collection":[{"href":"https:\/\/bschairs.it\/de\/wp-json\/wp\/v2\/product"}],"about":[{"href":"https:\/\/bschairs.it\/de\/wp-json\/wp\/v2\/types\/product"}],"replies":[{"embeddable":true,"href":"https:\/\/bschairs.it\/de\/wp-json\/wp\/v2\/comments?post=13382"}],"wp:featuredmedia":[{"embeddable":true,"href":"https:\/\/bschairs.it\/de\/wp-json\/wp\/v2\/media\/13508"}],"wp:attachment":[{"href":"https:\/\/bschairs.it\/de\/wp-json\/wp\/v2\/media?parent=13382"}],"wp:term":[{"taxonomy":"product_brand","embeddable":true,"href":"https:\/\/bschairs.it\/de\/wp-json\/wp\/v2\/product_brand?post=13382"},{"taxonomy":"product_cat","embeddable":true,"href":"https:\/\/bschairs.it\/de\/wp-json\/wp\/v2\/product_cat?post=13382"},{"taxonomy":"product_tag","embeddable":true,"href":"https:\/\/bschairs.it\/de\/wp-json\/wp\/v2\/product_tag?post=13382"}],"curies":[{"name":"wp","href":"https:\/\/api.w.org\/{rel}","templated":true}]}}