{"id":13383,"date":"2024-02-13T14:23:39","date_gmt":"2024-02-13T14:23:39","guid":{"rendered":"https:\/\/bschairs.it\/?post_type=product&#038;p=13383"},"modified":"2024-05-20T13:42:52","modified_gmt":"2024-05-20T13:42:52","slug":"buffalo-3","status":"publish","type":"product","link":"https:\/\/bschairs.it\/de\/negozio\/tutti-gli-stili\/stile-contemporaneo\/buffalo-3\/","title":{"rendered":"Buffalo"},"content":{"rendered":"<p>Hoher Barhocker mit R\u00fcckenlehne, der Eleganz und Komfort in einem modernen, minimalistischen Design vereint. Die ergonomisch geformte R\u00fcckenlehne bietet idealen Halt und l\u00e4dt zu langen Aufenthalten und Gespr\u00e4chen an der Bartheke ein.<\/p>","protected":false},"excerpt":{"rendered":"<p>Hoher Barhocker mit R\u00fcckenlehne, der Eleganz und Komfort in einem modernen, minimalistischen Design vereint. Die ergonomisch geformte R\u00fcckenlehne bietet idealen Halt und l\u00e4dt zu langen Aufenthalten und Gespr\u00e4chen an der Bartheke ein.<\/p>","protected":false},"featured_media":13512,"comment_status":"closed","ping_status":"closed","template":"","meta":[],"product_brand":[],"product_cat":[126,125],"product_tag":[131],"class_list":{"0":"post-13383","1":"product","2":"type-product","3":"status-publish","4":"has-post-thumbnail","6":"product_cat-stile-contemporaneo","7":"product_cat-tutti-gli-stili","8":"product_tag-sgabelli","10":"first","11":"instock","12":"shipping-taxable","13":"product-type-simple"},"_links":{"self":[{"href":"https:\/\/bschairs.it\/de\/wp-json\/wp\/v2\/product\/13383","targetHints":{"allow":["GET"]}}],"collection":[{"href":"https:\/\/bschairs.it\/de\/wp-json\/wp\/v2\/product"}],"about":[{"href":"https:\/\/bschairs.it\/de\/wp-json\/wp\/v2\/types\/product"}],"replies":[{"embeddable":true,"href":"https:\/\/bschairs.it\/de\/wp-json\/wp\/v2\/comments?post=13383"}],"wp:featuredmedia":[{"embeddable":true,"href":"https:\/\/bschairs.it\/de\/wp-json\/wp\/v2\/media\/13512"}],"wp:attachment":[{"href":"https:\/\/bschairs.it\/de\/wp-json\/wp\/v2\/media?parent=13383"}],"wp:term":[{"taxonomy":"product_brand","embeddable":true,"href":"https:\/\/bschairs.it\/de\/wp-json\/wp\/v2\/product_brand?post=13383"},{"taxonomy":"product_cat","embeddable":true,"href":"https:\/\/bschairs.it\/de\/wp-json\/wp\/v2\/product_cat?post=13383"},{"taxonomy":"product_tag","embeddable":true,"href":"https:\/\/bschairs.it\/de\/wp-json\/wp\/v2\/product_tag?post=13383"}],"curies":[{"name":"wp","href":"https:\/\/api.w.org\/{rel}","templated":true}]}}