{"id":13384,"date":"2024-02-13T14:23:39","date_gmt":"2024-02-13T14:23:39","guid":{"rendered":"https:\/\/bschairs.it\/?post_type=product&#038;p=13384"},"modified":"2024-05-20T13:43:47","modified_gmt":"2024-05-20T13:43:47","slug":"doha","status":"publish","type":"product","link":"https:\/\/bschairs.it\/de\/negozio\/tutti-gli-stili\/stile-contemporaneo\/doha\/","title":{"rendered":"Doha"},"content":{"rendered":"<p>Ein charakteristischer Restaurantstuhl, der modernes Design mit einem Hauch von Klassik verbindet. Sitz und R\u00fcckenlehne sind mit hochwertigem Stoff bezogen. Die umh\u00fcllende Form der R\u00fcckenlehne, mit ihrem Rand, der von einem d\u00fcnnen wei\u00dfen Faden umrandet ist, bietet optimalen Komfort und ein raffiniertes Design-Detail.<\/p>","protected":false},"excerpt":{"rendered":"<p>Ein charakteristischer Restaurantstuhl, der modernes Design mit einem Hauch von Klassik verbindet. Sitz und R\u00fcckenlehne sind mit hochwertigem Stoff bezogen. Die umh\u00fcllende Form der R\u00fcckenlehne, mit ihrem Rand, der von einem d\u00fcnnen wei\u00dfen Faden umrandet ist, bietet optimalen Komfort und ein raffiniertes Design-Detail.<\/p>","protected":false},"featured_media":13516,"comment_status":"closed","ping_status":"closed","template":"","meta":[],"product_brand":[],"product_cat":[126,125],"product_tag":[130],"class_list":{"0":"post-13384","1":"product","2":"type-product","3":"status-publish","4":"has-post-thumbnail","6":"product_cat-stile-contemporaneo","7":"product_cat-tutti-gli-stili","8":"product_tag-sedie","10":"first","11":"instock","12":"shipping-taxable","13":"product-type-simple"},"_links":{"self":[{"href":"https:\/\/bschairs.it\/de\/wp-json\/wp\/v2\/product\/13384","targetHints":{"allow":["GET"]}}],"collection":[{"href":"https:\/\/bschairs.it\/de\/wp-json\/wp\/v2\/product"}],"about":[{"href":"https:\/\/bschairs.it\/de\/wp-json\/wp\/v2\/types\/product"}],"replies":[{"embeddable":true,"href":"https:\/\/bschairs.it\/de\/wp-json\/wp\/v2\/comments?post=13384"}],"wp:featuredmedia":[{"embeddable":true,"href":"https:\/\/bschairs.it\/de\/wp-json\/wp\/v2\/media\/13516"}],"wp:attachment":[{"href":"https:\/\/bschairs.it\/de\/wp-json\/wp\/v2\/media?parent=13384"}],"wp:term":[{"taxonomy":"product_brand","embeddable":true,"href":"https:\/\/bschairs.it\/de\/wp-json\/wp\/v2\/product_brand?post=13384"},{"taxonomy":"product_cat","embeddable":true,"href":"https:\/\/bschairs.it\/de\/wp-json\/wp\/v2\/product_cat?post=13384"},{"taxonomy":"product_tag","embeddable":true,"href":"https:\/\/bschairs.it\/de\/wp-json\/wp\/v2\/product_tag?post=13384"}],"curies":[{"name":"wp","href":"https:\/\/api.w.org\/{rel}","templated":true}]}}