{"id":13385,"date":"2024-02-13T14:23:39","date_gmt":"2024-02-13T14:23:39","guid":{"rendered":"https:\/\/bschairs.it\/?post_type=product&#038;p=13385"},"modified":"2024-05-20T13:44:58","modified_gmt":"2024-05-20T13:44:58","slug":"moon","status":"publish","type":"product","link":"https:\/\/bschairs.it\/de\/negozio\/tutti-gli-stili\/stile-contemporaneo\/moon\/","title":{"rendered":"Moon"},"content":{"rendered":"<p>Ein moderner Hocker mit einer gebogenen R\u00fcckenlehne, die entworfen wurde, um Unterst\u00fctzung und Komfort zu bieten, mit einem Profildetail, das entlang des Konturs des Stuhls verl\u00e4uft. Dieser Hocker ist eine perfekte Erg\u00e4nzung f\u00fcr jede zeitgen\u00f6ssische Bartheke oder als M\u00f6belst\u00fcck in einem raffinierten Wohnraum.<\/p>","protected":false},"excerpt":{"rendered":"<p>Ein moderner Hocker mit einer gebogenen R\u00fcckenlehne, die entworfen wurde, um Unterst\u00fctzung und Komfort zu bieten, mit einem Profildetail, das entlang des Konturs des Stuhls verl\u00e4uft. Dieser Hocker ist eine perfekte Erg\u00e4nzung f\u00fcr jede zeitgen\u00f6ssische Bartheke oder als M\u00f6belst\u00fcck in einem raffinierten Wohnraum.<\/p>","protected":false},"featured_media":13520,"comment_status":"closed","ping_status":"closed","template":"","meta":[],"product_brand":[],"product_cat":[126,125],"product_tag":[131],"class_list":{"0":"post-13385","1":"product","2":"type-product","3":"status-publish","4":"has-post-thumbnail","6":"product_cat-stile-contemporaneo","7":"product_cat-tutti-gli-stili","8":"product_tag-sgabelli","10":"first","11":"instock","12":"shipping-taxable","13":"product-type-simple"},"_links":{"self":[{"href":"https:\/\/bschairs.it\/de\/wp-json\/wp\/v2\/product\/13385","targetHints":{"allow":["GET"]}}],"collection":[{"href":"https:\/\/bschairs.it\/de\/wp-json\/wp\/v2\/product"}],"about":[{"href":"https:\/\/bschairs.it\/de\/wp-json\/wp\/v2\/types\/product"}],"replies":[{"embeddable":true,"href":"https:\/\/bschairs.it\/de\/wp-json\/wp\/v2\/comments?post=13385"}],"wp:featuredmedia":[{"embeddable":true,"href":"https:\/\/bschairs.it\/de\/wp-json\/wp\/v2\/media\/13520"}],"wp:attachment":[{"href":"https:\/\/bschairs.it\/de\/wp-json\/wp\/v2\/media?parent=13385"}],"wp:term":[{"taxonomy":"product_brand","embeddable":true,"href":"https:\/\/bschairs.it\/de\/wp-json\/wp\/v2\/product_brand?post=13385"},{"taxonomy":"product_cat","embeddable":true,"href":"https:\/\/bschairs.it\/de\/wp-json\/wp\/v2\/product_cat?post=13385"},{"taxonomy":"product_tag","embeddable":true,"href":"https:\/\/bschairs.it\/de\/wp-json\/wp\/v2\/product_tag?post=13385"}],"curies":[{"name":"wp","href":"https:\/\/api.w.org\/{rel}","templated":true}]}}