{"id":13402,"date":"2024-09-13T14:24:00","date_gmt":"2024-09-13T14:24:00","guid":{"rendered":"https:\/\/bschairs.it\/?post_type=product&#038;p=13402"},"modified":"2024-10-07T11:47:38","modified_gmt":"2024-10-07T11:47:38","slug":"moon-2","status":"publish","type":"product","link":"https:\/\/bschairs.it\/de\/negozio\/tutti-gli-stili\/stile-contemporaneo\/moon-2\/","title":{"rendered":"Moon"},"content":{"rendered":"<p>Mit luxuri\u00f6sem Samt bezogen, verf\u00fcgt dieser Stuhl \u00fcber eine weiche Sitzfl\u00e4che und eine gebogene R\u00fcckenlehne, die f\u00fcr \u00fcberlegenen Komfort sorgen. Das ideale M\u00f6belst\u00fcck f\u00fcr diejenigen, die ein Designobjekt suchen, das Komfort und ansprechende \u00c4sthetik f\u00fcr Restaurants kombiniert.<\/p>","protected":false},"excerpt":{"rendered":"<p>Mit luxuri\u00f6sem Samt bezogen, verf\u00fcgt dieser Stuhl \u00fcber eine weiche Sitzfl\u00e4che und eine gebogene R\u00fcckenlehne, die f\u00fcr \u00fcberlegenen Komfort sorgen. Das ideale M\u00f6belst\u00fcck f\u00fcr diejenigen, die ein Designobjekt suchen, das Komfort und ansprechende \u00c4sthetik f\u00fcr Restaurants kombiniert.<\/p>","protected":false},"featured_media":15065,"comment_status":"closed","ping_status":"closed","template":"","meta":[],"product_brand":[],"product_cat":[126,125],"product_tag":[130],"class_list":{"0":"post-13402","1":"product","2":"type-product","3":"status-publish","4":"has-post-thumbnail","6":"product_cat-stile-contemporaneo","7":"product_cat-tutti-gli-stili","8":"product_tag-sedie","10":"first","11":"instock","12":"shipping-taxable","13":"product-type-simple"},"_links":{"self":[{"href":"https:\/\/bschairs.it\/de\/wp-json\/wp\/v2\/product\/13402","targetHints":{"allow":["GET"]}}],"collection":[{"href":"https:\/\/bschairs.it\/de\/wp-json\/wp\/v2\/product"}],"about":[{"href":"https:\/\/bschairs.it\/de\/wp-json\/wp\/v2\/types\/product"}],"replies":[{"embeddable":true,"href":"https:\/\/bschairs.it\/de\/wp-json\/wp\/v2\/comments?post=13402"}],"wp:featuredmedia":[{"embeddable":true,"href":"https:\/\/bschairs.it\/de\/wp-json\/wp\/v2\/media\/15065"}],"wp:attachment":[{"href":"https:\/\/bschairs.it\/de\/wp-json\/wp\/v2\/media?parent=13402"}],"wp:term":[{"taxonomy":"product_brand","embeddable":true,"href":"https:\/\/bschairs.it\/de\/wp-json\/wp\/v2\/product_brand?post=13402"},{"taxonomy":"product_cat","embeddable":true,"href":"https:\/\/bschairs.it\/de\/wp-json\/wp\/v2\/product_cat?post=13402"},{"taxonomy":"product_tag","embeddable":true,"href":"https:\/\/bschairs.it\/de\/wp-json\/wp\/v2\/product_tag?post=13402"}],"curies":[{"name":"wp","href":"https:\/\/api.w.org\/{rel}","templated":true}]}}