{"id":13403,"date":"2024-02-13T14:24:00","date_gmt":"2024-02-13T14:24:00","guid":{"rendered":"https:\/\/bschairs.it\/?post_type=product&#038;p=13403"},"modified":"2024-05-20T13:38:31","modified_gmt":"2024-05-20T13:38:31","slug":"brighton","status":"publish","type":"product","link":"https:\/\/bschairs.it\/de\/negozio\/tutti-gli-stili\/stile-contemporaneo\/brighton\/","title":{"rendered":"Brighton"},"content":{"rendered":"<p>Moderner und gem\u00fctlicher Sofa, perfekt geeignet, um jede Hotellobby, Lounge-Bereiche oder Entspannungsbereiche aufzuwerten. Dieses Sofa verf\u00fcgt \u00fcber eine gro\u00dfz\u00fcgige Sitzfl\u00e4che und eine gebogene R\u00fcckenlehne, beide mit Stoff bezogen.<\/p>","protected":false},"excerpt":{"rendered":"<p>Moderner und gem\u00fctlicher Sofa, perfekt geeignet, um jede Hotellobby, Lounge-Bereiche oder Entspannungsbereiche aufzuwerten. Dieses Sofa verf\u00fcgt \u00fcber eine gro\u00dfz\u00fcgige Sitzfl\u00e4che und eine gebogene R\u00fcckenlehne, beide mit Stoff bezogen.<\/p>","protected":false},"featured_media":13533,"comment_status":"closed","ping_status":"closed","template":"","meta":[],"product_brand":[],"product_cat":[126,125],"product_tag":[135],"class_list":{"0":"post-13403","1":"product","2":"type-product","3":"status-publish","4":"has-post-thumbnail","6":"product_cat-stile-contemporaneo","7":"product_cat-tutti-gli-stili","8":"product_tag-divani","10":"first","11":"instock","12":"shipping-taxable","13":"product-type-simple"},"_links":{"self":[{"href":"https:\/\/bschairs.it\/de\/wp-json\/wp\/v2\/product\/13403","targetHints":{"allow":["GET"]}}],"collection":[{"href":"https:\/\/bschairs.it\/de\/wp-json\/wp\/v2\/product"}],"about":[{"href":"https:\/\/bschairs.it\/de\/wp-json\/wp\/v2\/types\/product"}],"replies":[{"embeddable":true,"href":"https:\/\/bschairs.it\/de\/wp-json\/wp\/v2\/comments?post=13403"}],"wp:featuredmedia":[{"embeddable":true,"href":"https:\/\/bschairs.it\/de\/wp-json\/wp\/v2\/media\/13533"}],"wp:attachment":[{"href":"https:\/\/bschairs.it\/de\/wp-json\/wp\/v2\/media?parent=13403"}],"wp:term":[{"taxonomy":"product_brand","embeddable":true,"href":"https:\/\/bschairs.it\/de\/wp-json\/wp\/v2\/product_brand?post=13403"},{"taxonomy":"product_cat","embeddable":true,"href":"https:\/\/bschairs.it\/de\/wp-json\/wp\/v2\/product_cat?post=13403"},{"taxonomy":"product_tag","embeddable":true,"href":"https:\/\/bschairs.it\/de\/wp-json\/wp\/v2\/product_tag?post=13403"}],"curies":[{"name":"wp","href":"https:\/\/api.w.org\/{rel}","templated":true}]}}