{"id":13404,"date":"2024-02-13T14:24:00","date_gmt":"2024-02-13T14:24:00","guid":{"rendered":"https:\/\/bschairs.it\/?post_type=product&#038;p=13404"},"modified":"2024-05-20T13:39:19","modified_gmt":"2024-05-20T13:39:19","slug":"brighton-2","status":"publish","type":"product","link":"https:\/\/bschairs.it\/de\/negozio\/tutti-gli-stili\/stile-contemporaneo\/brighton-2\/","title":{"rendered":"Brighton"},"content":{"rendered":"<p>Einladender Sessel mit einem zeitgem\u00e4\u00dfen Design. Die organische Form und die weichen Linien der R\u00fcckenlehne und des Sitzes laden zum Zur\u00fccklehnen und Entspannen ein, und schaffen eine Oase des Komforts. Eine ausgezeichnete Wahl f\u00fcr diejenigen, die ein funktionales M\u00f6belst\u00fcck suchen, das auch als stilvolle Note in der Einrichtung dient.<\/p>","protected":false},"excerpt":{"rendered":"<p>Einladender Sessel mit einem zeitgem\u00e4\u00dfen Design. Die organische Form und die weichen Linien der R\u00fcckenlehne und des Sitzes laden zum Zur\u00fccklehnen und Entspannen ein, und schaffen eine Oase des Komforts. Eine ausgezeichnete Wahl f\u00fcr diejenigen, die ein funktionales M\u00f6belst\u00fcck suchen, das auch als stilvolle Note in der Einrichtung dient.<\/p>","protected":false},"featured_media":13537,"comment_status":"closed","ping_status":"closed","template":"","meta":[],"product_brand":[],"product_cat":[126,125],"product_tag":[134],"class_list":{"0":"post-13404","1":"product","2":"type-product","3":"status-publish","4":"has-post-thumbnail","6":"product_cat-stile-contemporaneo","7":"product_cat-tutti-gli-stili","8":"product_tag-poltrone","10":"first","11":"instock","12":"shipping-taxable","13":"product-type-simple"},"_links":{"self":[{"href":"https:\/\/bschairs.it\/de\/wp-json\/wp\/v2\/product\/13404","targetHints":{"allow":["GET"]}}],"collection":[{"href":"https:\/\/bschairs.it\/de\/wp-json\/wp\/v2\/product"}],"about":[{"href":"https:\/\/bschairs.it\/de\/wp-json\/wp\/v2\/types\/product"}],"replies":[{"embeddable":true,"href":"https:\/\/bschairs.it\/de\/wp-json\/wp\/v2\/comments?post=13404"}],"wp:featuredmedia":[{"embeddable":true,"href":"https:\/\/bschairs.it\/de\/wp-json\/wp\/v2\/media\/13537"}],"wp:attachment":[{"href":"https:\/\/bschairs.it\/de\/wp-json\/wp\/v2\/media?parent=13404"}],"wp:term":[{"taxonomy":"product_brand","embeddable":true,"href":"https:\/\/bschairs.it\/de\/wp-json\/wp\/v2\/product_brand?post=13404"},{"taxonomy":"product_cat","embeddable":true,"href":"https:\/\/bschairs.it\/de\/wp-json\/wp\/v2\/product_cat?post=13404"},{"taxonomy":"product_tag","embeddable":true,"href":"https:\/\/bschairs.it\/de\/wp-json\/wp\/v2\/product_tag?post=13404"}],"curies":[{"name":"wp","href":"https:\/\/api.w.org\/{rel}","templated":true}]}}