{"id":13405,"date":"2024-02-13T14:24:00","date_gmt":"2024-02-13T14:24:00","guid":{"rendered":"https:\/\/bschairs.it\/?post_type=product&#038;p=13405"},"modified":"2024-05-20T13:40:31","modified_gmt":"2024-05-20T13:40:31","slug":"brighton-3","status":"publish","type":"product","link":"https:\/\/bschairs.it\/de\/negozio\/tutti-gli-stili\/stile-contemporaneo\/brighton-3\/","title":{"rendered":"Brighton"},"content":{"rendered":"<p>Niedriger Couchtisch mit einem essentiellen und modernen Design, ideal zur Erg\u00e4nzung der Einrichtung eines zeitgem\u00e4\u00dfen Raums. Eine ovale Tischplatte aus mattem schwarzem Buchenholz, die seine elegante Form und die nat\u00fcrliche Textur des Holzes unterstreicht.<\/p>","protected":false},"excerpt":{"rendered":"<p>Niedriger Couchtisch mit einem essentiellen und modernen Design, ideal zur Erg\u00e4nzung der Einrichtung eines zeitgem\u00e4\u00dfen Raums. Eine ovale Tischplatte aus mattem schwarzem Buchenholz, die seine elegante Form und die nat\u00fcrliche Textur des Holzes unterstreicht.<\/p>","protected":false},"featured_media":13540,"comment_status":"closed","ping_status":"closed","template":"","meta":[],"product_brand":[],"product_cat":[126,125],"product_tag":[137],"class_list":{"0":"post-13405","1":"product","2":"type-product","3":"status-publish","4":"has-post-thumbnail","6":"product_cat-stile-contemporaneo","7":"product_cat-tutti-gli-stili","8":"product_tag-tavolini","10":"first","11":"instock","12":"shipping-taxable","13":"product-type-simple"},"_links":{"self":[{"href":"https:\/\/bschairs.it\/de\/wp-json\/wp\/v2\/product\/13405","targetHints":{"allow":["GET"]}}],"collection":[{"href":"https:\/\/bschairs.it\/de\/wp-json\/wp\/v2\/product"}],"about":[{"href":"https:\/\/bschairs.it\/de\/wp-json\/wp\/v2\/types\/product"}],"replies":[{"embeddable":true,"href":"https:\/\/bschairs.it\/de\/wp-json\/wp\/v2\/comments?post=13405"}],"wp:featuredmedia":[{"embeddable":true,"href":"https:\/\/bschairs.it\/de\/wp-json\/wp\/v2\/media\/13540"}],"wp:attachment":[{"href":"https:\/\/bschairs.it\/de\/wp-json\/wp\/v2\/media?parent=13405"}],"wp:term":[{"taxonomy":"product_brand","embeddable":true,"href":"https:\/\/bschairs.it\/de\/wp-json\/wp\/v2\/product_brand?post=13405"},{"taxonomy":"product_cat","embeddable":true,"href":"https:\/\/bschairs.it\/de\/wp-json\/wp\/v2\/product_cat?post=13405"},{"taxonomy":"product_tag","embeddable":true,"href":"https:\/\/bschairs.it\/de\/wp-json\/wp\/v2\/product_tag?post=13405"}],"curies":[{"name":"wp","href":"https:\/\/api.w.org\/{rel}","templated":true}]}}