{"id":13422,"date":"2024-02-13T14:24:23","date_gmt":"2024-02-13T14:24:23","guid":{"rendered":"https:\/\/bschairs.it\/?post_type=product&#038;p=13422"},"modified":"2024-05-20T13:29:53","modified_gmt":"2024-05-20T13:29:53","slug":"bristol","status":"publish","type":"product","link":"https:\/\/bschairs.it\/de\/negozio\/tutti-gli-stili\/stile-contemporaneo\/bristol\/","title":{"rendered":"Bristol"},"content":{"rendered":"<p>Gepolsterter Sessel mit einem modernen und raffinierten Design, ideal, um jedem Raum eine Note von Eleganz zu verleihen. Sitzfl\u00e4che und R\u00fcckenlehne sind mit luxuri\u00f6sem Samt bezogen. Mit seinem anspruchsvollen Erscheinungsbild ist er perfekt als Blickfang in einem Ess- oder Entspannungsbereich.<\/p>","protected":false},"excerpt":{"rendered":"<p>Gepolsterter Sessel mit einem modernen und raffinierten Design, ideal, um jedem Raum eine Note von Eleganz zu verleihen. Sitzfl\u00e4che und R\u00fcckenlehne sind mit luxuri\u00f6sem Samt bezogen. Mit seinem anspruchsvollen Erscheinungsbild ist er perfekt als Blickfang in einem Ess- oder Entspannungsbereich.<\/p>","protected":false},"featured_media":13542,"comment_status":"closed","ping_status":"closed","template":"","meta":[],"product_brand":[],"product_cat":[126,125],"product_tag":[133],"class_list":{"0":"post-13422","1":"product","2":"type-product","3":"status-publish","4":"has-post-thumbnail","6":"product_cat-stile-contemporaneo","7":"product_cat-tutti-gli-stili","8":"product_tag-poltroncine","10":"first","11":"instock","12":"shipping-taxable","13":"product-type-simple"},"_links":{"self":[{"href":"https:\/\/bschairs.it\/de\/wp-json\/wp\/v2\/product\/13422","targetHints":{"allow":["GET"]}}],"collection":[{"href":"https:\/\/bschairs.it\/de\/wp-json\/wp\/v2\/product"}],"about":[{"href":"https:\/\/bschairs.it\/de\/wp-json\/wp\/v2\/types\/product"}],"replies":[{"embeddable":true,"href":"https:\/\/bschairs.it\/de\/wp-json\/wp\/v2\/comments?post=13422"}],"wp:featuredmedia":[{"embeddable":true,"href":"https:\/\/bschairs.it\/de\/wp-json\/wp\/v2\/media\/13542"}],"wp:attachment":[{"href":"https:\/\/bschairs.it\/de\/wp-json\/wp\/v2\/media?parent=13422"}],"wp:term":[{"taxonomy":"product_brand","embeddable":true,"href":"https:\/\/bschairs.it\/de\/wp-json\/wp\/v2\/product_brand?post=13422"},{"taxonomy":"product_cat","embeddable":true,"href":"https:\/\/bschairs.it\/de\/wp-json\/wp\/v2\/product_cat?post=13422"},{"taxonomy":"product_tag","embeddable":true,"href":"https:\/\/bschairs.it\/de\/wp-json\/wp\/v2\/product_tag?post=13422"}],"curies":[{"name":"wp","href":"https:\/\/api.w.org\/{rel}","templated":true}]}}