{"id":13423,"date":"2024-02-13T14:24:23","date_gmt":"2024-02-13T14:24:23","guid":{"rendered":"https:\/\/bschairs.it\/?post_type=product&#038;p=13423"},"modified":"2024-05-20T13:30:42","modified_gmt":"2024-05-20T13:30:42","slug":"dubai-2","status":"publish","type":"product","link":"https:\/\/bschairs.it\/de\/negozio\/tutti-gli-stili\/stile-contemporaneo\/dubai-2\/","title":{"rendered":"Dubai"},"content":{"rendered":"<p>Zeitgen\u00f6ssischer Stuhlkopf f\u00fcr das Restaurant, der Eleganz und Funktionalit\u00e4t f\u00fcr ein komfortables Sitzerlebnis vereint. Der gepolsterte Sitz und die leicht gebogene R\u00fcckenlehne sind so konzipiert, dass sie w\u00e4hrend langer Mahlzeiten oder ausgedehnter Gespr\u00e4che Unterst\u00fctzung und Komfort bieten.<\/p>","protected":false},"excerpt":{"rendered":"<p>Zeitgen\u00f6ssischer Stuhlkopf f\u00fcr das Restaurant, der Eleganz und Funktionalit\u00e4t f\u00fcr ein komfortables Sitzerlebnis vereint. Der gepolsterte Sitz und die leicht gebogene R\u00fcckenlehne sind so konzipiert, dass sie w\u00e4hrend langer Mahlzeiten oder ausgedehnter Gespr\u00e4che Unterst\u00fctzung und Komfort bieten.<\/p>","protected":false},"featured_media":13546,"comment_status":"closed","ping_status":"closed","template":"","meta":[],"product_brand":[],"product_cat":[126,125],"product_tag":[133],"class_list":{"0":"post-13423","1":"product","2":"type-product","3":"status-publish","4":"has-post-thumbnail","6":"product_cat-stile-contemporaneo","7":"product_cat-tutti-gli-stili","8":"product_tag-poltroncine","10":"first","11":"instock","12":"shipping-taxable","13":"product-type-simple"},"_links":{"self":[{"href":"https:\/\/bschairs.it\/de\/wp-json\/wp\/v2\/product\/13423","targetHints":{"allow":["GET"]}}],"collection":[{"href":"https:\/\/bschairs.it\/de\/wp-json\/wp\/v2\/product"}],"about":[{"href":"https:\/\/bschairs.it\/de\/wp-json\/wp\/v2\/types\/product"}],"replies":[{"embeddable":true,"href":"https:\/\/bschairs.it\/de\/wp-json\/wp\/v2\/comments?post=13423"}],"wp:featuredmedia":[{"embeddable":true,"href":"https:\/\/bschairs.it\/de\/wp-json\/wp\/v2\/media\/13546"}],"wp:attachment":[{"href":"https:\/\/bschairs.it\/de\/wp-json\/wp\/v2\/media?parent=13423"}],"wp:term":[{"taxonomy":"product_brand","embeddable":true,"href":"https:\/\/bschairs.it\/de\/wp-json\/wp\/v2\/product_brand?post=13423"},{"taxonomy":"product_cat","embeddable":true,"href":"https:\/\/bschairs.it\/de\/wp-json\/wp\/v2\/product_cat?post=13423"},{"taxonomy":"product_tag","embeddable":true,"href":"https:\/\/bschairs.it\/de\/wp-json\/wp\/v2\/product_tag?post=13423"}],"curies":[{"name":"wp","href":"https:\/\/api.w.org\/{rel}","templated":true}]}}