{"id":13424,"date":"2024-02-13T14:24:23","date_gmt":"2024-02-13T14:24:23","guid":{"rendered":"https:\/\/bschairs.it\/?post_type=product&#038;p=13424"},"modified":"2025-02-12T11:52:22","modified_gmt":"2025-02-12T11:52:22","slug":"detroit-tavolino","status":"publish","type":"product","link":"https:\/\/bschairs.it\/de\/negozio\/tutti-gli-stili\/stile-contemporaneo\/detroit-tavolino\/","title":{"rendered":"Detroit"},"content":{"rendered":"<p>Runder Beistelltisch aus hellem europ\u00e4ischem Buchenholz, ein minimalistisches und funktionales St\u00fcck, das sich perfekt dazu eignet, jedem Hotelzimmer oder Empfangsbereich eine Note nat\u00fcrlicher Eleganz zu verleihen. Die Tischplatte ist glatt und mit einer subtilen Kante versehen, die ihre einfache, aber raffinierte Form betont.<\/p>","protected":false},"excerpt":{"rendered":"<p>Runder Beistelltisch aus hellem europ\u00e4ischem Buchenholz, ein minimalistisches und funktionales St\u00fcck, das sich perfekt dazu eignet, jedem Hotelzimmer oder Empfangsbereich eine Note nat\u00fcrlicher Eleganz zu verleihen. Die Tischplatte ist glatt und mit einer subtilen Kante versehen, die ihre einfache, aber raffinierte Form betont.<\/p>","protected":false},"featured_media":13550,"comment_status":"closed","ping_status":"closed","template":"","meta":[],"product_brand":[],"product_cat":[126,125],"product_tag":[137],"class_list":{"0":"post-13424","1":"product","2":"type-product","3":"status-publish","4":"has-post-thumbnail","6":"product_cat-stile-contemporaneo","7":"product_cat-tutti-gli-stili","8":"product_tag-tavolini","10":"first","11":"instock","12":"shipping-taxable","13":"product-type-simple"},"_links":{"self":[{"href":"https:\/\/bschairs.it\/de\/wp-json\/wp\/v2\/product\/13424","targetHints":{"allow":["GET"]}}],"collection":[{"href":"https:\/\/bschairs.it\/de\/wp-json\/wp\/v2\/product"}],"about":[{"href":"https:\/\/bschairs.it\/de\/wp-json\/wp\/v2\/types\/product"}],"replies":[{"embeddable":true,"href":"https:\/\/bschairs.it\/de\/wp-json\/wp\/v2\/comments?post=13424"}],"wp:featuredmedia":[{"embeddable":true,"href":"https:\/\/bschairs.it\/de\/wp-json\/wp\/v2\/media\/13550"}],"wp:attachment":[{"href":"https:\/\/bschairs.it\/de\/wp-json\/wp\/v2\/media?parent=13424"}],"wp:term":[{"taxonomy":"product_brand","embeddable":true,"href":"https:\/\/bschairs.it\/de\/wp-json\/wp\/v2\/product_brand?post=13424"},{"taxonomy":"product_cat","embeddable":true,"href":"https:\/\/bschairs.it\/de\/wp-json\/wp\/v2\/product_cat?post=13424"},{"taxonomy":"product_tag","embeddable":true,"href":"https:\/\/bschairs.it\/de\/wp-json\/wp\/v2\/product_tag?post=13424"}],"curies":[{"name":"wp","href":"https:\/\/api.w.org\/{rel}","templated":true}]}}