{"id":13425,"date":"2024-02-13T14:24:23","date_gmt":"2024-02-13T14:24:23","guid":{"rendered":"https:\/\/bschairs.it\/?post_type=product&#038;p=13425"},"modified":"2024-05-20T13:33:31","modified_gmt":"2024-05-20T13:33:31","slug":"paris-lounge","status":"publish","type":"product","link":"https:\/\/bschairs.it\/de\/negozio\/tutti-gli-stili\/stile-contemporaneo\/paris-lounge\/","title":{"rendered":"Paris Lounge"},"content":{"rendered":"<p>Loungesessel mit einem zeitgem\u00e4\u00dfen und schicken Design, das Komfort und Stil vereint, um jeden Raum zu bereichern. Die hohe, leicht gebogene R\u00fcckenlehne ist mit Samt bezogen, um eine weiche Haptik und ein elegantes Gef\u00fchl zu vermitteln. Ideal als funktionales M\u00f6belst\u00fcck.<\/p>","protected":false},"excerpt":{"rendered":"<p>Loungesessel mit einem zeitgem\u00e4\u00dfen und schicken Design, das Komfort und Stil vereint, um jeden Raum zu bereichern. Die hohe, leicht gebogene R\u00fcckenlehne ist mit Samt bezogen, um eine weiche Haptik und ein elegantes Gef\u00fchl zu vermitteln. Ideal als funktionales M\u00f6belst\u00fcck.<\/p>","protected":false},"featured_media":13559,"comment_status":"closed","ping_status":"closed","template":"","meta":[],"product_brand":[],"product_cat":[126,125],"product_tag":[133],"class_list":{"0":"post-13425","1":"product","2":"type-product","3":"status-publish","4":"has-post-thumbnail","6":"product_cat-stile-contemporaneo","7":"product_cat-tutti-gli-stili","8":"product_tag-poltroncine","10":"first","11":"instock","12":"shipping-taxable","13":"product-type-simple"},"_links":{"self":[{"href":"https:\/\/bschairs.it\/de\/wp-json\/wp\/v2\/product\/13425","targetHints":{"allow":["GET"]}}],"collection":[{"href":"https:\/\/bschairs.it\/de\/wp-json\/wp\/v2\/product"}],"about":[{"href":"https:\/\/bschairs.it\/de\/wp-json\/wp\/v2\/types\/product"}],"replies":[{"embeddable":true,"href":"https:\/\/bschairs.it\/de\/wp-json\/wp\/v2\/comments?post=13425"}],"wp:featuredmedia":[{"embeddable":true,"href":"https:\/\/bschairs.it\/de\/wp-json\/wp\/v2\/media\/13559"}],"wp:attachment":[{"href":"https:\/\/bschairs.it\/de\/wp-json\/wp\/v2\/media?parent=13425"}],"wp:term":[{"taxonomy":"product_brand","embeddable":true,"href":"https:\/\/bschairs.it\/de\/wp-json\/wp\/v2\/product_brand?post=13425"},{"taxonomy":"product_cat","embeddable":true,"href":"https:\/\/bschairs.it\/de\/wp-json\/wp\/v2\/product_cat?post=13425"},{"taxonomy":"product_tag","embeddable":true,"href":"https:\/\/bschairs.it\/de\/wp-json\/wp\/v2\/product_tag?post=13425"}],"curies":[{"name":"wp","href":"https:\/\/api.w.org\/{rel}","templated":true}]}}