{"id":13443,"date":"2024-02-13T14:24:44","date_gmt":"2024-02-13T14:24:44","guid":{"rendered":"https:\/\/bschairs.it\/?post_type=product&#038;p=13443"},"modified":"2024-05-20T13:23:43","modified_gmt":"2024-05-20T13:23:43","slug":"toronto-baby","status":"publish","type":"product","link":"https:\/\/bschairs.it\/de\/negozio\/tutti-gli-stili\/stile-contemporaneo\/toronto-baby\/","title":{"rendered":"Toronto Baby"},"content":{"rendered":"<p>Kindersessel ma\u00dfgeschneidert f\u00fcr Spielbereiche oder Freizeitr\u00e4ume. Der Sitz ist gepolstert und mit einem weichen, waschbaren Stoff bezogen, ideal f\u00fcr die t\u00e4glichen Aktivit\u00e4ten von Kindern wie Lesen oder Spielen.<\/p>","protected":false},"excerpt":{"rendered":"<p>Kindersessel ma\u00dfgeschneidert f\u00fcr Spielbereiche oder Freizeitr\u00e4ume. Der Sitz ist gepolstert und mit einem weichen, waschbaren Stoff bezogen, ideal f\u00fcr die t\u00e4glichen Aktivit\u00e4ten von Kindern wie Lesen oder Spielen.<\/p>","protected":false},"featured_media":13568,"comment_status":"closed","ping_status":"closed","template":"","meta":[],"product_brand":[],"product_cat":[126,125],"product_tag":[133],"class_list":{"0":"post-13443","1":"product","2":"type-product","3":"status-publish","4":"has-post-thumbnail","6":"product_cat-stile-contemporaneo","7":"product_cat-tutti-gli-stili","8":"product_tag-poltroncine","10":"first","11":"instock","12":"shipping-taxable","13":"product-type-simple"},"_links":{"self":[{"href":"https:\/\/bschairs.it\/de\/wp-json\/wp\/v2\/product\/13443","targetHints":{"allow":["GET"]}}],"collection":[{"href":"https:\/\/bschairs.it\/de\/wp-json\/wp\/v2\/product"}],"about":[{"href":"https:\/\/bschairs.it\/de\/wp-json\/wp\/v2\/types\/product"}],"replies":[{"embeddable":true,"href":"https:\/\/bschairs.it\/de\/wp-json\/wp\/v2\/comments?post=13443"}],"wp:featuredmedia":[{"embeddable":true,"href":"https:\/\/bschairs.it\/de\/wp-json\/wp\/v2\/media\/13568"}],"wp:attachment":[{"href":"https:\/\/bschairs.it\/de\/wp-json\/wp\/v2\/media?parent=13443"}],"wp:term":[{"taxonomy":"product_brand","embeddable":true,"href":"https:\/\/bschairs.it\/de\/wp-json\/wp\/v2\/product_brand?post=13443"},{"taxonomy":"product_cat","embeddable":true,"href":"https:\/\/bschairs.it\/de\/wp-json\/wp\/v2\/product_cat?post=13443"},{"taxonomy":"product_tag","embeddable":true,"href":"https:\/\/bschairs.it\/de\/wp-json\/wp\/v2\/product_tag?post=13443"}],"curies":[{"name":"wp","href":"https:\/\/api.w.org\/{rel}","templated":true}]}}