{"id":13444,"date":"2024-02-13T14:24:44","date_gmt":"2024-02-13T14:24:44","guid":{"rendered":"https:\/\/bschairs.it\/?post_type=product&#038;p=13444"},"modified":"2024-05-20T13:25:38","modified_gmt":"2024-05-20T13:25:38","slug":"il-cairo","status":"publish","type":"product","link":"https:\/\/bschairs.it\/de\/negozio\/tutti-gli-stili\/stile-contemporaneo\/il-cairo\/","title":{"rendered":"Il Cairo"},"content":{"rendered":"<p>Stuhlkopf, der Eleganz und Komfort verk\u00f6rpert. Der Stuhl verf\u00fcgt \u00fcber eine kreisf\u00f6rmige \u00d6ffnung auf der R\u00fcckenlehne, die ein einfaches Bewegen erm\u00f6glicht. Dieses Produkt passt perfekt in eine zeitgem\u00e4\u00dfe Umgebung.<\/p>","protected":false},"excerpt":{"rendered":"<p>Stuhlkopf, der Eleganz und Komfort verk\u00f6rpert. Der Stuhl verf\u00fcgt \u00fcber eine kreisf\u00f6rmige \u00d6ffnung auf der R\u00fcckenlehne, die ein einfaches Bewegen erm\u00f6glicht. Dieses Produkt passt perfekt in eine zeitgem\u00e4\u00dfe Umgebung.<\/p>","protected":false},"featured_media":13572,"comment_status":"closed","ping_status":"closed","template":"","meta":[],"product_brand":[],"product_cat":[126,125],"product_tag":[129],"class_list":{"0":"post-13444","1":"product","2":"type-product","3":"status-publish","4":"has-post-thumbnail","6":"product_cat-stile-contemporaneo","7":"product_cat-tutti-gli-stili","8":"product_tag-capotavola","10":"first","11":"instock","12":"shipping-taxable","13":"product-type-simple"},"_links":{"self":[{"href":"https:\/\/bschairs.it\/de\/wp-json\/wp\/v2\/product\/13444","targetHints":{"allow":["GET"]}}],"collection":[{"href":"https:\/\/bschairs.it\/de\/wp-json\/wp\/v2\/product"}],"about":[{"href":"https:\/\/bschairs.it\/de\/wp-json\/wp\/v2\/types\/product"}],"replies":[{"embeddable":true,"href":"https:\/\/bschairs.it\/de\/wp-json\/wp\/v2\/comments?post=13444"}],"wp:featuredmedia":[{"embeddable":true,"href":"https:\/\/bschairs.it\/de\/wp-json\/wp\/v2\/media\/13572"}],"wp:attachment":[{"href":"https:\/\/bschairs.it\/de\/wp-json\/wp\/v2\/media?parent=13444"}],"wp:term":[{"taxonomy":"product_brand","embeddable":true,"href":"https:\/\/bschairs.it\/de\/wp-json\/wp\/v2\/product_brand?post=13444"},{"taxonomy":"product_cat","embeddable":true,"href":"https:\/\/bschairs.it\/de\/wp-json\/wp\/v2\/product_cat?post=13444"},{"taxonomy":"product_tag","embeddable":true,"href":"https:\/\/bschairs.it\/de\/wp-json\/wp\/v2\/product_tag?post=13444"}],"curies":[{"name":"wp","href":"https:\/\/api.w.org\/{rel}","templated":true}]}}