{"id":13445,"date":"2024-02-13T14:24:44","date_gmt":"2024-02-13T14:24:44","guid":{"rendered":"https:\/\/bschairs.it\/?post_type=product&#038;p=13445"},"modified":"2024-05-20T13:26:36","modified_gmt":"2024-05-20T13:26:36","slug":"tromso-baby","status":"publish","type":"product","link":"https:\/\/bschairs.it\/de\/negozio\/tutti-gli-stili\/stile-contemporaneo\/tromso-baby\/","title":{"rendered":"Tromso Baby"},"content":{"rendered":"<p>Kindersessel mit einem verspielten und bunten Design, ideal, um der Umgebung der Kleinen eine fr\u00f6hliche Note zu verleihen. Das Design ist kindersicher mit abgerundeten Kanten und einer \u00d6ffnung auf der R\u00fcckenlehne, die das Heben und Bewegen erleichtert. Ideal f\u00fcr Spielbereiche.<\/p>","protected":false},"excerpt":{"rendered":"<p>Kindersessel mit einem verspielten und bunten Design, ideal, um der Umgebung der Kleinen eine fr\u00f6hliche Note zu verleihen. Das Design ist kindersicher mit abgerundeten Kanten und einer \u00d6ffnung auf der R\u00fcckenlehne, die das Heben und Bewegen erleichtert. Ideal f\u00fcr Spielbereiche.<\/p>","protected":false},"featured_media":13576,"comment_status":"closed","ping_status":"closed","template":"","meta":[],"product_brand":[],"product_cat":[126,125],"product_tag":[133],"class_list":{"0":"post-13445","1":"product","2":"type-product","3":"status-publish","4":"has-post-thumbnail","6":"product_cat-stile-contemporaneo","7":"product_cat-tutti-gli-stili","8":"product_tag-poltroncine","10":"first","11":"instock","12":"shipping-taxable","13":"product-type-simple"},"_links":{"self":[{"href":"https:\/\/bschairs.it\/de\/wp-json\/wp\/v2\/product\/13445","targetHints":{"allow":["GET"]}}],"collection":[{"href":"https:\/\/bschairs.it\/de\/wp-json\/wp\/v2\/product"}],"about":[{"href":"https:\/\/bschairs.it\/de\/wp-json\/wp\/v2\/types\/product"}],"replies":[{"embeddable":true,"href":"https:\/\/bschairs.it\/de\/wp-json\/wp\/v2\/comments?post=13445"}],"wp:featuredmedia":[{"embeddable":true,"href":"https:\/\/bschairs.it\/de\/wp-json\/wp\/v2\/media\/13576"}],"wp:attachment":[{"href":"https:\/\/bschairs.it\/de\/wp-json\/wp\/v2\/media?parent=13445"}],"wp:term":[{"taxonomy":"product_brand","embeddable":true,"href":"https:\/\/bschairs.it\/de\/wp-json\/wp\/v2\/product_brand?post=13445"},{"taxonomy":"product_cat","embeddable":true,"href":"https:\/\/bschairs.it\/de\/wp-json\/wp\/v2\/product_cat?post=13445"},{"taxonomy":"product_tag","embeddable":true,"href":"https:\/\/bschairs.it\/de\/wp-json\/wp\/v2\/product_tag?post=13445"}],"curies":[{"name":"wp","href":"https:\/\/api.w.org\/{rel}","templated":true}]}}