{"id":13502,"date":"2024-02-13T14:36:11","date_gmt":"2024-02-13T14:36:11","guid":{"rendered":"https:\/\/bschairs.it\/?post_type=product&#038;p=13502"},"modified":"2024-05-20T13:20:04","modified_gmt":"2024-05-20T13:20:04","slug":"monfalcone","status":"publish","type":"product","link":"https:\/\/bschairs.it\/de\/negozio\/tutti-gli-stili\/stile-contemporaneo\/monfalcone\/","title":{"rendered":"Monfalcone"},"content":{"rendered":"<p>Barhocker mit R\u00fcckenlehne, der modernes Design und Komfort vereint. Der halbkreisf\u00f6rmige Ring der R\u00fcckenlehne sorgt f\u00fcr angenehme Unterst\u00fctzung und eine geschwungene \u00c4sthetik. Dieser Hocker ist die ideale Wahl, um jedem kulinarischen Umfeld oder Lounge-Bereich Stil zu verleihen.<\/p>","protected":false},"excerpt":{"rendered":"<p>Barhocker mit R\u00fcckenlehne, der modernes Design und Komfort vereint. Der halbkreisf\u00f6rmige Ring der R\u00fcckenlehne sorgt f\u00fcr angenehme Unterst\u00fctzung und eine geschwungene \u00c4sthetik. Dieser Hocker ist die ideale Wahl, um jedem kulinarischen Umfeld oder Lounge-Bereich Stil zu verleihen.<\/p>","protected":false},"featured_media":13580,"comment_status":"closed","ping_status":"closed","template":"","meta":[],"product_brand":[],"product_cat":[126,125],"product_tag":[131],"class_list":{"0":"post-13502","1":"product","2":"type-product","3":"status-publish","4":"has-post-thumbnail","6":"product_cat-stile-contemporaneo","7":"product_cat-tutti-gli-stili","8":"product_tag-sgabelli","10":"first","11":"instock","12":"shipping-taxable","13":"product-type-simple"},"_links":{"self":[{"href":"https:\/\/bschairs.it\/de\/wp-json\/wp\/v2\/product\/13502","targetHints":{"allow":["GET"]}}],"collection":[{"href":"https:\/\/bschairs.it\/de\/wp-json\/wp\/v2\/product"}],"about":[{"href":"https:\/\/bschairs.it\/de\/wp-json\/wp\/v2\/types\/product"}],"replies":[{"embeddable":true,"href":"https:\/\/bschairs.it\/de\/wp-json\/wp\/v2\/comments?post=13502"}],"wp:featuredmedia":[{"embeddable":true,"href":"https:\/\/bschairs.it\/de\/wp-json\/wp\/v2\/media\/13580"}],"wp:attachment":[{"href":"https:\/\/bschairs.it\/de\/wp-json\/wp\/v2\/media?parent=13502"}],"wp:term":[{"taxonomy":"product_brand","embeddable":true,"href":"https:\/\/bschairs.it\/de\/wp-json\/wp\/v2\/product_brand?post=13502"},{"taxonomy":"product_cat","embeddable":true,"href":"https:\/\/bschairs.it\/de\/wp-json\/wp\/v2\/product_cat?post=13502"},{"taxonomy":"product_tag","embeddable":true,"href":"https:\/\/bschairs.it\/de\/wp-json\/wp\/v2\/product_tag?post=13502"}],"curies":[{"name":"wp","href":"https:\/\/api.w.org\/{rel}","templated":true}]}}