{"id":13504,"date":"2024-02-13T14:36:11","date_gmt":"2024-02-13T14:36:11","guid":{"rendered":"https:\/\/bschairs.it\/?post_type=product&#038;p=13504"},"modified":"2024-05-20T13:22:06","modified_gmt":"2024-05-20T13:22:06","slug":"chicago","status":"publish","type":"product","link":"https:\/\/bschairs.it\/de\/negozio\/tutti-gli-stili\/stile-contemporaneo\/chicago\/","title":{"rendered":"Chicago"},"content":{"rendered":"<p>Sessel mit einem einh\u00fcllenden und komfortablen Design, perfekt, um die Lobby eines Hotels oder einen Entspannungsbereich zu versch\u00f6nern. Dieser Sessel eignet sich ideal f\u00fcr eine Leseecke oder als M\u00f6belerg\u00e4nzung in einem Hotelzimmer und kombiniert den Komfort eines gro\u00dfz\u00fcgigen Sitzes mit der Eleganz hochwertiger Stoffe.<\/p>","protected":false},"excerpt":{"rendered":"<p>Sessel mit einem einh\u00fcllenden und komfortablen Design, perfekt, um die Lobby eines Hotels oder einen Entspannungsbereich zu versch\u00f6nern. Dieser Sessel eignet sich ideal f\u00fcr eine Leseecke oder als M\u00f6belerg\u00e4nzung in einem Hotelzimmer und kombiniert den Komfort eines gro\u00dfz\u00fcgigen Sitzes mit der Eleganz hochwertiger Stoffe.<\/p>","protected":false},"featured_media":13595,"comment_status":"closed","ping_status":"closed","template":"","meta":[],"product_brand":[],"product_cat":[126,125],"product_tag":[134],"class_list":{"0":"post-13504","1":"product","2":"type-product","3":"status-publish","4":"has-post-thumbnail","6":"product_cat-stile-contemporaneo","7":"product_cat-tutti-gli-stili","8":"product_tag-poltrone","10":"first","11":"instock","12":"shipping-taxable","13":"product-type-simple"},"_links":{"self":[{"href":"https:\/\/bschairs.it\/de\/wp-json\/wp\/v2\/product\/13504","targetHints":{"allow":["GET"]}}],"collection":[{"href":"https:\/\/bschairs.it\/de\/wp-json\/wp\/v2\/product"}],"about":[{"href":"https:\/\/bschairs.it\/de\/wp-json\/wp\/v2\/types\/product"}],"replies":[{"embeddable":true,"href":"https:\/\/bschairs.it\/de\/wp-json\/wp\/v2\/comments?post=13504"}],"wp:featuredmedia":[{"embeddable":true,"href":"https:\/\/bschairs.it\/de\/wp-json\/wp\/v2\/media\/13595"}],"wp:attachment":[{"href":"https:\/\/bschairs.it\/de\/wp-json\/wp\/v2\/media?parent=13504"}],"wp:term":[{"taxonomy":"product_brand","embeddable":true,"href":"https:\/\/bschairs.it\/de\/wp-json\/wp\/v2\/product_brand?post=13504"},{"taxonomy":"product_cat","embeddable":true,"href":"https:\/\/bschairs.it\/de\/wp-json\/wp\/v2\/product_cat?post=13504"},{"taxonomy":"product_tag","embeddable":true,"href":"https:\/\/bschairs.it\/de\/wp-json\/wp\/v2\/product_tag?post=13504"}],"curies":[{"name":"wp","href":"https:\/\/api.w.org\/{rel}","templated":true}]}}