{"id":13506,"date":"2024-02-13T14:36:12","date_gmt":"2024-02-13T14:36:12","guid":{"rendered":"https:\/\/bschairs.it\/?post_type=product&#038;p=13506"},"modified":"2024-05-20T13:18:14","modified_gmt":"2024-05-20T13:18:14","slug":"cardiff","status":"publish","type":"product","link":"https:\/\/bschairs.it\/de\/negozio\/tutti-gli-stili\/stile-contemporaneo\/cardiff\/","title":{"rendered":"Cardiff"},"content":{"rendered":"<p>Sessel mit einem markanten Design, das nat\u00fcrliche und moderne Elemente f\u00fcr ein einladendes Erscheinungsbild kombiniert. Die gebogene R\u00fcckenlehne des Sessels ist eine markante stilistische Wahl, die \u00c4sthetik und Funktionalit\u00e4t verbindet. Ein ideales M\u00f6belst\u00fcck f\u00fcr gro\u00dfe R\u00e4ume und Umgebungen.<\/p>","protected":false},"excerpt":{"rendered":"<p>Sessel mit einem markanten Design, das nat\u00fcrliche und moderne Elemente f\u00fcr ein einladendes Erscheinungsbild kombiniert. Die gebogene R\u00fcckenlehne des Sessels ist eine markante stilistische Wahl, die \u00c4sthetik und Funktionalit\u00e4t verbindet. Ein ideales M\u00f6belst\u00fcck f\u00fcr gro\u00dfe R\u00e4ume und Umgebungen.<\/p>","protected":false},"featured_media":13603,"comment_status":"closed","ping_status":"closed","template":"","meta":[],"product_brand":[],"product_cat":[126,125],"product_tag":[134],"class_list":{"0":"post-13506","1":"product","2":"type-product","3":"status-publish","4":"has-post-thumbnail","6":"product_cat-stile-contemporaneo","7":"product_cat-tutti-gli-stili","8":"product_tag-poltrone","10":"first","11":"instock","12":"shipping-taxable","13":"product-type-simple"},"_links":{"self":[{"href":"https:\/\/bschairs.it\/de\/wp-json\/wp\/v2\/product\/13506","targetHints":{"allow":["GET"]}}],"collection":[{"href":"https:\/\/bschairs.it\/de\/wp-json\/wp\/v2\/product"}],"about":[{"href":"https:\/\/bschairs.it\/de\/wp-json\/wp\/v2\/types\/product"}],"replies":[{"embeddable":true,"href":"https:\/\/bschairs.it\/de\/wp-json\/wp\/v2\/comments?post=13506"}],"wp:featuredmedia":[{"embeddable":true,"href":"https:\/\/bschairs.it\/de\/wp-json\/wp\/v2\/media\/13603"}],"wp:attachment":[{"href":"https:\/\/bschairs.it\/de\/wp-json\/wp\/v2\/media?parent=13506"}],"wp:term":[{"taxonomy":"product_brand","embeddable":true,"href":"https:\/\/bschairs.it\/de\/wp-json\/wp\/v2\/product_brand?post=13506"},{"taxonomy":"product_cat","embeddable":true,"href":"https:\/\/bschairs.it\/de\/wp-json\/wp\/v2\/product_cat?post=13506"},{"taxonomy":"product_tag","embeddable":true,"href":"https:\/\/bschairs.it\/de\/wp-json\/wp\/v2\/product_tag?post=13506"}],"curies":[{"name":"wp","href":"https:\/\/api.w.org\/{rel}","templated":true}]}}