{"id":13507,"date":"2024-02-13T14:36:12","date_gmt":"2024-02-13T14:36:12","guid":{"rendered":"https:\/\/bschairs.it\/?post_type=product&#038;p=13507"},"modified":"2024-05-20T13:19:10","modified_gmt":"2024-05-20T13:19:10","slug":"cardiff-2","status":"publish","type":"product","link":"https:\/\/bschairs.it\/de\/negozio\/tutti-gli-stili\/stile-contemporaneo\/cardiff-2\/","title":{"rendered":"Cardiff"},"content":{"rendered":"<p>Sofa mit avantgardistischem Design und angenehmem Sitzkomfort, perfekt, um jedem modernen oder klassischen Ambiente einen stilvollen Touch zu verleihen. Der ger\u00e4umige Sitz, bezogen mit samtigem Stoff, bietet eine weiche und einladende Oberfl\u00e4che, ideal f\u00fcr entspannende Momente.<\/p>","protected":false},"excerpt":{"rendered":"<p>Sofa mit avantgardistischem Design und angenehmem Sitzkomfort, perfekt, um jedem modernen oder klassischen Ambiente einen stilvollen Touch zu verleihen. Der ger\u00e4umige Sitz, bezogen mit samtigem Stoff, bietet eine weiche und einladende Oberfl\u00e4che, ideal f\u00fcr entspannende Momente.<\/p>","protected":false},"featured_media":13608,"comment_status":"closed","ping_status":"closed","template":"","meta":[],"product_brand":[],"product_cat":[126,125],"product_tag":[135],"class_list":{"0":"post-13507","1":"product","2":"type-product","3":"status-publish","4":"has-post-thumbnail","6":"product_cat-stile-contemporaneo","7":"product_cat-tutti-gli-stili","8":"product_tag-divani","10":"first","11":"instock","12":"shipping-taxable","13":"product-type-simple"},"_links":{"self":[{"href":"https:\/\/bschairs.it\/de\/wp-json\/wp\/v2\/product\/13507","targetHints":{"allow":["GET"]}}],"collection":[{"href":"https:\/\/bschairs.it\/de\/wp-json\/wp\/v2\/product"}],"about":[{"href":"https:\/\/bschairs.it\/de\/wp-json\/wp\/v2\/types\/product"}],"replies":[{"embeddable":true,"href":"https:\/\/bschairs.it\/de\/wp-json\/wp\/v2\/comments?post=13507"}],"wp:featuredmedia":[{"embeddable":true,"href":"https:\/\/bschairs.it\/de\/wp-json\/wp\/v2\/media\/13608"}],"wp:attachment":[{"href":"https:\/\/bschairs.it\/de\/wp-json\/wp\/v2\/media?parent=13507"}],"wp:term":[{"taxonomy":"product_brand","embeddable":true,"href":"https:\/\/bschairs.it\/de\/wp-json\/wp\/v2\/product_brand?post=13507"},{"taxonomy":"product_cat","embeddable":true,"href":"https:\/\/bschairs.it\/de\/wp-json\/wp\/v2\/product_cat?post=13507"},{"taxonomy":"product_tag","embeddable":true,"href":"https:\/\/bschairs.it\/de\/wp-json\/wp\/v2\/product_tag?post=13507"}],"curies":[{"name":"wp","href":"https:\/\/api.w.org\/{rel}","templated":true}]}}