{"id":13528,"date":"2024-02-13T14:36:34","date_gmt":"2024-02-13T14:36:34","guid":{"rendered":"https:\/\/bschairs.it\/?post_type=product&#038;p=13528"},"modified":"2024-05-20T13:14:03","modified_gmt":"2024-05-20T13:14:03","slug":"cracovia","status":"publish","type":"product","link":"https:\/\/bschairs.it\/de\/negozio\/tutti-gli-stili\/stile-contemporaneo\/cracovia\/","title":{"rendered":"Cracovia"},"content":{"rendered":"<p>Drehbarer B\u00fcrostuhl mit einem breiten Sitz und R\u00fcckenlehne. Die drehbare Basis, aus schwarzem Holz mit klassischen Oberfl\u00e4chen gefertigt, ist mit robusten R\u00e4dern ausgestattet f\u00fcr optimale Mobilit\u00e4t auf verschiedenen Oberfl\u00e4chen. Dank seiner H\u00f6henverstellbarkeit ist er ideal f\u00fcr ein elegantes B\u00fcro oder Arbeitszimmer.<\/p>","protected":false},"excerpt":{"rendered":"<p>Drehbarer B\u00fcrostuhl mit einem breiten Sitz und R\u00fcckenlehne. Die drehbare Basis, aus schwarzem Holz mit klassischen Oberfl\u00e4chen gefertigt, ist mit robusten R\u00e4dern ausgestattet f\u00fcr optimale Mobilit\u00e4t auf verschiedenen Oberfl\u00e4chen. Dank seiner H\u00f6henverstellbarkeit ist er ideal f\u00fcr ein elegantes B\u00fcro oder Arbeitszimmer.<\/p>","protected":false},"featured_media":13611,"comment_status":"closed","ping_status":"closed","template":"","meta":[],"product_brand":[],"product_cat":[126,125],"product_tag":[132],"class_list":{"0":"post-13528","1":"product","2":"type-product","3":"status-publish","4":"has-post-thumbnail","6":"product_cat-stile-contemporaneo","7":"product_cat-tutti-gli-stili","8":"product_tag-poltrone-da-ufficio","10":"first","11":"instock","12":"shipping-taxable","13":"product-type-simple"},"_links":{"self":[{"href":"https:\/\/bschairs.it\/de\/wp-json\/wp\/v2\/product\/13528","targetHints":{"allow":["GET"]}}],"collection":[{"href":"https:\/\/bschairs.it\/de\/wp-json\/wp\/v2\/product"}],"about":[{"href":"https:\/\/bschairs.it\/de\/wp-json\/wp\/v2\/types\/product"}],"replies":[{"embeddable":true,"href":"https:\/\/bschairs.it\/de\/wp-json\/wp\/v2\/comments?post=13528"}],"wp:featuredmedia":[{"embeddable":true,"href":"https:\/\/bschairs.it\/de\/wp-json\/wp\/v2\/media\/13611"}],"wp:attachment":[{"href":"https:\/\/bschairs.it\/de\/wp-json\/wp\/v2\/media?parent=13528"}],"wp:term":[{"taxonomy":"product_brand","embeddable":true,"href":"https:\/\/bschairs.it\/de\/wp-json\/wp\/v2\/product_brand?post=13528"},{"taxonomy":"product_cat","embeddable":true,"href":"https:\/\/bschairs.it\/de\/wp-json\/wp\/v2\/product_cat?post=13528"},{"taxonomy":"product_tag","embeddable":true,"href":"https:\/\/bschairs.it\/de\/wp-json\/wp\/v2\/product_tag?post=13528"}],"curies":[{"name":"wp","href":"https:\/\/api.w.org\/{rel}","templated":true}]}}