{"id":13529,"date":"2024-02-13T14:36:34","date_gmt":"2024-02-13T14:36:34","guid":{"rendered":"https:\/\/bschairs.it\/?post_type=product&#038;p=13529"},"modified":"2024-05-20T13:15:09","modified_gmt":"2024-05-20T13:15:09","slug":"buenos-aires","status":"publish","type":"product","link":"https:\/\/bschairs.it\/de\/negozio\/tutti-gli-stili\/stile-contemporaneo\/buenos-aires-poltrona\/","title":{"rendered":"Buenos Aires"},"content":{"rendered":"<p>Outdoor-Sessel aus Iroko-Holz, ideal, um G\u00e4rten, Terrassen oder Au\u00dfenbereichen eine Note nat\u00fcrlicher Raffinesse zu verleihen. Iroko-Holz, bekannt f\u00fcr seine Langlebigkeit und Witterungsbest\u00e4ndigkeit, bietet eine solide Struktur und visuelle W\u00e4rme durch seine sch\u00f6ne goldbraune Farbe.<\/p>","protected":false},"excerpt":{"rendered":"<p>Outdoor-Sessel aus Iroko-Holz, ideal, um G\u00e4rten, Terrassen oder Au\u00dfenbereichen eine Note nat\u00fcrlicher Raffinesse zu verleihen. Iroko-Holz, bekannt f\u00fcr seine Langlebigkeit und Witterungsbest\u00e4ndigkeit, bietet eine solide Struktur und visuelle W\u00e4rme durch seine sch\u00f6ne goldbraune Farbe.<\/p>","protected":false},"featured_media":13615,"comment_status":"closed","ping_status":"closed","template":"","meta":[],"product_brand":[],"product_cat":[126,125],"product_tag":[127,134],"class_list":{"0":"post-13529","1":"product","2":"type-product","3":"status-publish","4":"has-post-thumbnail","6":"product_cat-stile-contemporaneo","7":"product_cat-tutti-gli-stili","8":"product_tag-outdoor","9":"product_tag-poltrone","11":"first","12":"instock","13":"shipping-taxable","14":"product-type-simple"},"_links":{"self":[{"href":"https:\/\/bschairs.it\/de\/wp-json\/wp\/v2\/product\/13529","targetHints":{"allow":["GET"]}}],"collection":[{"href":"https:\/\/bschairs.it\/de\/wp-json\/wp\/v2\/product"}],"about":[{"href":"https:\/\/bschairs.it\/de\/wp-json\/wp\/v2\/types\/product"}],"replies":[{"embeddable":true,"href":"https:\/\/bschairs.it\/de\/wp-json\/wp\/v2\/comments?post=13529"}],"wp:featuredmedia":[{"embeddable":true,"href":"https:\/\/bschairs.it\/de\/wp-json\/wp\/v2\/media\/13615"}],"wp:attachment":[{"href":"https:\/\/bschairs.it\/de\/wp-json\/wp\/v2\/media?parent=13529"}],"wp:term":[{"taxonomy":"product_brand","embeddable":true,"href":"https:\/\/bschairs.it\/de\/wp-json\/wp\/v2\/product_brand?post=13529"},{"taxonomy":"product_cat","embeddable":true,"href":"https:\/\/bschairs.it\/de\/wp-json\/wp\/v2\/product_cat?post=13529"},{"taxonomy":"product_tag","embeddable":true,"href":"https:\/\/bschairs.it\/de\/wp-json\/wp\/v2\/product_tag?post=13529"}],"curies":[{"name":"wp","href":"https:\/\/api.w.org\/{rel}","templated":true}]}}