{"id":13530,"date":"2024-02-13T14:36:35","date_gmt":"2024-02-13T14:36:35","guid":{"rendered":"https:\/\/bschairs.it\/?post_type=product&#038;p=13530"},"modified":"2024-05-20T13:08:44","modified_gmt":"2024-05-20T13:08:44","slug":"buenos-aires-2","status":"publish","type":"product","link":"https:\/\/bschairs.it\/de\/negozio\/tutti-gli-stili\/stile-contemporaneo\/buenos-aires-2\/","title":{"rendered":"Buenos Aires"},"content":{"rendered":"<p>Outdoor-Sofa aus Iroko-Holz gefertigt. Das klare und moderne Design zeichnet sich durch gerade Linien und quadratische Armlehnen aus, die dem Sofa ein modernes Aussehen verleihen. Der Sitz und die R\u00fcckenlehne sind mit Kissen ausgestattet, die f\u00fcr den Au\u00dfenbereich konzipiert sind und au\u00dfergew\u00f6hnlichen Komfort bieten.<\/p>","protected":false},"excerpt":{"rendered":"<p>Outdoor-Sofa aus Iroko-Holz gefertigt. Das klare und moderne Design zeichnet sich durch gerade Linien und quadratische Armlehnen aus, die dem Sofa ein modernes Aussehen verleihen. Der Sitz und die R\u00fcckenlehne sind mit Kissen ausgestattet, die f\u00fcr den Au\u00dfenbereich konzipiert sind und au\u00dfergew\u00f6hnlichen Komfort bieten.<\/p>","protected":false},"featured_media":13619,"comment_status":"closed","ping_status":"closed","template":"","meta":[],"product_brand":[],"product_cat":[126,125],"product_tag":[135,127],"class_list":{"0":"post-13530","1":"product","2":"type-product","3":"status-publish","4":"has-post-thumbnail","6":"product_cat-stile-contemporaneo","7":"product_cat-tutti-gli-stili","8":"product_tag-divani","9":"product_tag-outdoor","11":"first","12":"instock","13":"shipping-taxable","14":"product-type-simple"},"_links":{"self":[{"href":"https:\/\/bschairs.it\/de\/wp-json\/wp\/v2\/product\/13530","targetHints":{"allow":["GET"]}}],"collection":[{"href":"https:\/\/bschairs.it\/de\/wp-json\/wp\/v2\/product"}],"about":[{"href":"https:\/\/bschairs.it\/de\/wp-json\/wp\/v2\/types\/product"}],"replies":[{"embeddable":true,"href":"https:\/\/bschairs.it\/de\/wp-json\/wp\/v2\/comments?post=13530"}],"wp:featuredmedia":[{"embeddable":true,"href":"https:\/\/bschairs.it\/de\/wp-json\/wp\/v2\/media\/13619"}],"wp:attachment":[{"href":"https:\/\/bschairs.it\/de\/wp-json\/wp\/v2\/media?parent=13530"}],"wp:term":[{"taxonomy":"product_brand","embeddable":true,"href":"https:\/\/bschairs.it\/de\/wp-json\/wp\/v2\/product_brand?post=13530"},{"taxonomy":"product_cat","embeddable":true,"href":"https:\/\/bschairs.it\/de\/wp-json\/wp\/v2\/product_cat?post=13530"},{"taxonomy":"product_tag","embeddable":true,"href":"https:\/\/bschairs.it\/de\/wp-json\/wp\/v2\/product_tag?post=13530"}],"curies":[{"name":"wp","href":"https:\/\/api.w.org\/{rel}","templated":true}]}}