{"id":13531,"date":"2024-02-13T14:36:35","date_gmt":"2024-02-13T14:36:35","guid":{"rendered":"https:\/\/bschairs.it\/?post_type=product&#038;p=13531"},"modified":"2024-05-20T13:09:58","modified_gmt":"2024-05-20T13:09:58","slug":"cloud","status":"publish","type":"product","link":"https:\/\/bschairs.it\/de\/negozio\/tutti-gli-stili\/stile-contemporaneo\/cloud\/","title":{"rendered":"Cloud"},"content":{"rendered":"<p>Sessel mit einem verspielten und farbenfrohen Design, perfekt, um jedem Raum einen Hauch von Helligkeit und Originalit\u00e4t zu verleihen. Ideal f\u00fcr moderne Umgebungen oder als Akzentst\u00fcck in traditionelleren Interieurs ist dieser Sessel eine Einladung, Platz zu nehmen und den Komfort zu genie\u00dfen.<\/p>","protected":false},"excerpt":{"rendered":"<p>Sessel mit einem verspielten und farbenfrohen Design, perfekt, um jedem Raum einen Hauch von Helligkeit und Originalit\u00e4t zu verleihen. Ideal f\u00fcr moderne Umgebungen oder als Akzentst\u00fcck in traditionelleren Interieurs ist dieser Sessel eine Einladung, Platz zu nehmen und den Komfort zu genie\u00dfen.<\/p>","protected":false},"featured_media":13628,"comment_status":"closed","ping_status":"closed","template":"","meta":[],"product_brand":[],"product_cat":[126,125],"product_tag":[134],"class_list":{"0":"post-13531","1":"product","2":"type-product","3":"status-publish","4":"has-post-thumbnail","6":"product_cat-stile-contemporaneo","7":"product_cat-tutti-gli-stili","8":"product_tag-poltrone","10":"first","11":"instock","12":"shipping-taxable","13":"product-type-simple"},"_links":{"self":[{"href":"https:\/\/bschairs.it\/de\/wp-json\/wp\/v2\/product\/13531","targetHints":{"allow":["GET"]}}],"collection":[{"href":"https:\/\/bschairs.it\/de\/wp-json\/wp\/v2\/product"}],"about":[{"href":"https:\/\/bschairs.it\/de\/wp-json\/wp\/v2\/types\/product"}],"replies":[{"embeddable":true,"href":"https:\/\/bschairs.it\/de\/wp-json\/wp\/v2\/comments?post=13531"}],"wp:featuredmedia":[{"embeddable":true,"href":"https:\/\/bschairs.it\/de\/wp-json\/wp\/v2\/media\/13628"}],"wp:attachment":[{"href":"https:\/\/bschairs.it\/de\/wp-json\/wp\/v2\/media?parent=13531"}],"wp:term":[{"taxonomy":"product_brand","embeddable":true,"href":"https:\/\/bschairs.it\/de\/wp-json\/wp\/v2\/product_brand?post=13531"},{"taxonomy":"product_cat","embeddable":true,"href":"https:\/\/bschairs.it\/de\/wp-json\/wp\/v2\/product_cat?post=13531"},{"taxonomy":"product_tag","embeddable":true,"href":"https:\/\/bschairs.it\/de\/wp-json\/wp\/v2\/product_tag?post=13531"}],"curies":[{"name":"wp","href":"https:\/\/api.w.org\/{rel}","templated":true}]}}