{"id":13532,"date":"2024-02-13T14:36:35","date_gmt":"2024-02-13T14:36:35","guid":{"rendered":"https:\/\/bschairs.it\/?post_type=product&#038;p=13532"},"modified":"2024-05-20T13:11:02","modified_gmt":"2024-05-20T13:11:02","slug":"cloud-2","status":"publish","type":"product","link":"https:\/\/bschairs.it\/de\/negozio\/tutti-gli-stili\/stile-contemporaneo\/cloud-2\/","title":{"rendered":"Cloud"},"content":{"rendered":"<p>Sofa mit einem einzigartigen Design, perfekt, um jedem Hotel einen Hauch von Stil und Originalit\u00e4t zu verleihen. Das Besondere an diesem Sofa liegt in seiner 'Accord\u00e9on'-R\u00fcckenlehne mit vertikalen gepolsterten Paneelen, die den Effekt eines F\u00e4chers nachahmen und ihm ein skulpturales und elegantes Aussehen verleihen.<\/p>","protected":false},"excerpt":{"rendered":"<p>Sofa mit einem einzigartigen Design, perfekt, um jedem Hotel einen Hauch von Stil und Originalit\u00e4t zu verleihen. Das Besondere an diesem Sofa liegt in seiner 'Accord\u00e9on'-R\u00fcckenlehne mit vertikalen gepolsterten Paneelen, die den Effekt eines F\u00e4chers nachahmen und ihm ein skulpturales und elegantes Aussehen verleihen.<\/p>","protected":false},"featured_media":13632,"comment_status":"closed","ping_status":"closed","template":"","meta":[],"product_brand":[],"product_cat":[126,125],"product_tag":[135],"class_list":{"0":"post-13532","1":"product","2":"type-product","3":"status-publish","4":"has-post-thumbnail","6":"product_cat-stile-contemporaneo","7":"product_cat-tutti-gli-stili","8":"product_tag-divani","10":"first","11":"instock","12":"shipping-taxable","13":"product-type-simple"},"_links":{"self":[{"href":"https:\/\/bschairs.it\/de\/wp-json\/wp\/v2\/product\/13532","targetHints":{"allow":["GET"]}}],"collection":[{"href":"https:\/\/bschairs.it\/de\/wp-json\/wp\/v2\/product"}],"about":[{"href":"https:\/\/bschairs.it\/de\/wp-json\/wp\/v2\/types\/product"}],"replies":[{"embeddable":true,"href":"https:\/\/bschairs.it\/de\/wp-json\/wp\/v2\/comments?post=13532"}],"wp:featuredmedia":[{"embeddable":true,"href":"https:\/\/bschairs.it\/de\/wp-json\/wp\/v2\/media\/13632"}],"wp:attachment":[{"href":"https:\/\/bschairs.it\/de\/wp-json\/wp\/v2\/media?parent=13532"}],"wp:term":[{"taxonomy":"product_brand","embeddable":true,"href":"https:\/\/bschairs.it\/de\/wp-json\/wp\/v2\/product_brand?post=13532"},{"taxonomy":"product_cat","embeddable":true,"href":"https:\/\/bschairs.it\/de\/wp-json\/wp\/v2\/product_cat?post=13532"},{"taxonomy":"product_tag","embeddable":true,"href":"https:\/\/bschairs.it\/de\/wp-json\/wp\/v2\/product_tag?post=13532"}],"curies":[{"name":"wp","href":"https:\/\/api.w.org\/{rel}","templated":true}]}}