{"id":13553,"date":"2024-02-13T14:36:56","date_gmt":"2024-02-13T14:36:56","guid":{"rendered":"https:\/\/bschairs.it\/?post_type=product&#038;p=13553"},"modified":"2024-05-20T13:00:34","modified_gmt":"2024-05-20T13:00:34","slug":"siviglia","status":"publish","type":"product","link":"https:\/\/bschairs.it\/de\/negozio\/tutti-gli-stili\/stile-contemporaneo\/siviglia\/","title":{"rendered":"Siviglia"},"content":{"rendered":"<p>Gepolsterter Sessel mit einem modernen und trendigen Design. Er passt perfekt sowohl in zeitgen\u00f6ssische Innenr\u00e4ume als auch in R\u00e4ume mit einem klassischeren Touch und bietet komfortable Sitzgelegenheiten sowie einen \u00e4sthetischen Blickpunkt f\u00fcr Entspannungsr\u00e4ume oder Lesebereiche. Der breite und einladende Sitz wird von schwarz lackierten Holzbeinen unterst\u00fctzt.<\/p>","protected":false},"excerpt":{"rendered":"<p>Gepolsterter Sessel mit einem modernen und trendigen Design. Er passt perfekt sowohl in zeitgen\u00f6ssische Innenr\u00e4ume als auch in R\u00e4ume mit einem klassischeren Touch und bietet komfortable Sitzgelegenheiten sowie einen \u00e4sthetischen Blickpunkt f\u00fcr Entspannungsr\u00e4ume oder Lesebereiche. Der breite und einladende Sitz wird von schwarz lackierten Holzbeinen unterst\u00fctzt.<\/p>","protected":false},"featured_media":13636,"comment_status":"closed","ping_status":"closed","template":"","meta":[],"product_brand":[],"product_cat":[126,125],"product_tag":[134],"class_list":{"0":"post-13553","1":"product","2":"type-product","3":"status-publish","4":"has-post-thumbnail","6":"product_cat-stile-contemporaneo","7":"product_cat-tutti-gli-stili","8":"product_tag-poltrone","10":"first","11":"instock","12":"shipping-taxable","13":"product-type-simple"},"_links":{"self":[{"href":"https:\/\/bschairs.it\/de\/wp-json\/wp\/v2\/product\/13553","targetHints":{"allow":["GET"]}}],"collection":[{"href":"https:\/\/bschairs.it\/de\/wp-json\/wp\/v2\/product"}],"about":[{"href":"https:\/\/bschairs.it\/de\/wp-json\/wp\/v2\/types\/product"}],"replies":[{"embeddable":true,"href":"https:\/\/bschairs.it\/de\/wp-json\/wp\/v2\/comments?post=13553"}],"wp:featuredmedia":[{"embeddable":true,"href":"https:\/\/bschairs.it\/de\/wp-json\/wp\/v2\/media\/13636"}],"wp:attachment":[{"href":"https:\/\/bschairs.it\/de\/wp-json\/wp\/v2\/media?parent=13553"}],"wp:term":[{"taxonomy":"product_brand","embeddable":true,"href":"https:\/\/bschairs.it\/de\/wp-json\/wp\/v2\/product_brand?post=13553"},{"taxonomy":"product_cat","embeddable":true,"href":"https:\/\/bschairs.it\/de\/wp-json\/wp\/v2\/product_cat?post=13553"},{"taxonomy":"product_tag","embeddable":true,"href":"https:\/\/bschairs.it\/de\/wp-json\/wp\/v2\/product_tag?post=13553"}],"curies":[{"name":"wp","href":"https:\/\/api.w.org\/{rel}","templated":true}]}}