{"id":13554,"date":"2024-02-13T14:36:56","date_gmt":"2024-02-13T14:36:56","guid":{"rendered":"https:\/\/bschairs.it\/?post_type=product&#038;p=13554"},"modified":"2024-05-20T13:01:28","modified_gmt":"2024-05-20T13:01:28","slug":"siviglia-2","status":"publish","type":"product","link":"https:\/\/bschairs.it\/de\/negozio\/tutti-gli-stili\/stile-contemporaneo\/siviglia-2\/","title":{"rendered":"Siviglia"},"content":{"rendered":"<p>Sofa mit modernem Design und einem Hauch von Vintage-Eleganz. Die breite und komfortable Sitzfl\u00e4che l\u00e4dt zur Entspannung und Erholung ein und wird von robusten, eckigen schwarzen Holzbeinen gest\u00fctzt. Dieses Sofa ist die perfekte Wahl f\u00fcr diejenigen, die zeitgen\u00f6ssischen Komfort mit einer raffinierten und trendigen \u00c4sthetik kombinieren m\u00f6chten.<\/p>","protected":false},"excerpt":{"rendered":"<p>Sofa mit modernem Design und einem Hauch von Vintage-Eleganz. Die breite und komfortable Sitzfl\u00e4che l\u00e4dt zur Entspannung und Erholung ein und wird von robusten, eckigen schwarzen Holzbeinen gest\u00fctzt. Dieses Sofa ist die perfekte Wahl f\u00fcr diejenigen, die zeitgen\u00f6ssischen Komfort mit einer raffinierten und trendigen \u00c4sthetik kombinieren m\u00f6chten.<\/p>","protected":false},"featured_media":13641,"comment_status":"closed","ping_status":"closed","template":"","meta":[],"product_brand":[],"product_cat":[126,125],"product_tag":[135],"class_list":{"0":"post-13554","1":"product","2":"type-product","3":"status-publish","4":"has-post-thumbnail","6":"product_cat-stile-contemporaneo","7":"product_cat-tutti-gli-stili","8":"product_tag-divani","10":"first","11":"instock","12":"shipping-taxable","13":"product-type-simple"},"_links":{"self":[{"href":"https:\/\/bschairs.it\/de\/wp-json\/wp\/v2\/product\/13554","targetHints":{"allow":["GET"]}}],"collection":[{"href":"https:\/\/bschairs.it\/de\/wp-json\/wp\/v2\/product"}],"about":[{"href":"https:\/\/bschairs.it\/de\/wp-json\/wp\/v2\/types\/product"}],"replies":[{"embeddable":true,"href":"https:\/\/bschairs.it\/de\/wp-json\/wp\/v2\/comments?post=13554"}],"wp:featuredmedia":[{"embeddable":true,"href":"https:\/\/bschairs.it\/de\/wp-json\/wp\/v2\/media\/13641"}],"wp:attachment":[{"href":"https:\/\/bschairs.it\/de\/wp-json\/wp\/v2\/media?parent=13554"}],"wp:term":[{"taxonomy":"product_brand","embeddable":true,"href":"https:\/\/bschairs.it\/de\/wp-json\/wp\/v2\/product_brand?post=13554"},{"taxonomy":"product_cat","embeddable":true,"href":"https:\/\/bschairs.it\/de\/wp-json\/wp\/v2\/product_cat?post=13554"},{"taxonomy":"product_tag","embeddable":true,"href":"https:\/\/bschairs.it\/de\/wp-json\/wp\/v2\/product_tag?post=13554"}],"curies":[{"name":"wp","href":"https:\/\/api.w.org\/{rel}","templated":true}]}}