{"id":13555,"date":"2024-02-13T14:36:56","date_gmt":"2024-02-13T14:36:56","guid":{"rendered":"https:\/\/bschairs.it\/?post_type=product&#038;p=13555"},"modified":"2024-05-20T13:03:23","modified_gmt":"2024-05-20T13:03:23","slug":"bangkok","status":"publish","type":"product","link":"https:\/\/bschairs.it\/de\/negozio\/tutti-gli-stili\/stile-contemporaneo\/bangkok\/","title":{"rendered":"Bangkok"},"content":{"rendered":"<p>Zeitgen\u00f6ssischer Restaurantstuhl, der \u00c4sthetik und Funktionalit\u00e4t vereint. Der Sitz ist gepolstert und mit weichem, einladendem Stoff bezogen, der zu langen geselligen Zusammenk\u00fcnften einl\u00e4dt. Die R\u00fcckenlehne verf\u00fcgt \u00fcber eine zentrale ovale \u00d6ffnung, ein Designdetail, das visuelle Leichtigkeit und Bewegungsfreiheit bietet.<\/p>","protected":false},"excerpt":{"rendered":"<p>Zeitgen\u00f6ssischer Restaurantstuhl, der \u00c4sthetik und Funktionalit\u00e4t vereint. Der Sitz ist gepolstert und mit weichem, einladendem Stoff bezogen, der zu langen geselligen Zusammenk\u00fcnften einl\u00e4dt. Die R\u00fcckenlehne verf\u00fcgt \u00fcber eine zentrale ovale \u00d6ffnung, ein Designdetail, das visuelle Leichtigkeit und Bewegungsfreiheit bietet.<\/p>","protected":false},"featured_media":13645,"comment_status":"closed","ping_status":"closed","template":"","meta":[],"product_brand":[],"product_cat":[126,125],"product_tag":[130],"class_list":{"0":"post-13555","1":"product","2":"type-product","3":"status-publish","4":"has-post-thumbnail","6":"product_cat-stile-contemporaneo","7":"product_cat-tutti-gli-stili","8":"product_tag-sedie","10":"first","11":"instock","12":"shipping-taxable","13":"product-type-simple"},"_links":{"self":[{"href":"https:\/\/bschairs.it\/de\/wp-json\/wp\/v2\/product\/13555","targetHints":{"allow":["GET"]}}],"collection":[{"href":"https:\/\/bschairs.it\/de\/wp-json\/wp\/v2\/product"}],"about":[{"href":"https:\/\/bschairs.it\/de\/wp-json\/wp\/v2\/types\/product"}],"replies":[{"embeddable":true,"href":"https:\/\/bschairs.it\/de\/wp-json\/wp\/v2\/comments?post=13555"}],"wp:featuredmedia":[{"embeddable":true,"href":"https:\/\/bschairs.it\/de\/wp-json\/wp\/v2\/media\/13645"}],"wp:attachment":[{"href":"https:\/\/bschairs.it\/de\/wp-json\/wp\/v2\/media?parent=13555"}],"wp:term":[{"taxonomy":"product_brand","embeddable":true,"href":"https:\/\/bschairs.it\/de\/wp-json\/wp\/v2\/product_brand?post=13555"},{"taxonomy":"product_cat","embeddable":true,"href":"https:\/\/bschairs.it\/de\/wp-json\/wp\/v2\/product_cat?post=13555"},{"taxonomy":"product_tag","embeddable":true,"href":"https:\/\/bschairs.it\/de\/wp-json\/wp\/v2\/product_tag?post=13555"}],"curies":[{"name":"wp","href":"https:\/\/api.w.org\/{rel}","templated":true}]}}