{"id":13556,"date":"2024-02-13T14:36:56","date_gmt":"2024-02-13T14:36:56","guid":{"rendered":"https:\/\/bschairs.it\/?post_type=product&#038;p=13556"},"modified":"2024-05-20T13:04:16","modified_gmt":"2024-05-20T13:04:16","slug":"sydney","status":"publish","type":"product","link":"https:\/\/bschairs.it\/de\/negozio\/tutti-gli-stili\/stile-contemporaneo\/sydney\/","title":{"rendered":"Sydney"},"content":{"rendered":"<p>Gepolsterter Stuhl mit einem ansprechenden Design, ideal, um der Entspannungslounge des Hotels eine Note von W\u00e4rme und Tradition zu verleihen. Der Sitz ist gro\u00dfz\u00fcgig gepolstert, um auch w\u00e4hrend langer Sitzperioden Komfort zu gew\u00e4hrleisten. Die Beine aus hellem Buchenholz f\u00fcgen sich harmonisch in die restliche Struktur ein.<\/p>","protected":false},"excerpt":{"rendered":"<p>Gepolsterter Stuhl mit einem ansprechenden Design, ideal, um der Entspannungslounge des Hotels eine Note von W\u00e4rme und Tradition zu verleihen. Der Sitz ist gro\u00dfz\u00fcgig gepolstert, um auch w\u00e4hrend langer Sitzperioden Komfort zu gew\u00e4hrleisten. Die Beine aus hellem Buchenholz f\u00fcgen sich harmonisch in die restliche Struktur ein.<\/p>","protected":false},"featured_media":13649,"comment_status":"closed","ping_status":"closed","template":"","meta":[],"product_brand":[],"product_cat":[126,125],"product_tag":[129],"class_list":{"0":"post-13556","1":"product","2":"type-product","3":"status-publish","4":"has-post-thumbnail","6":"product_cat-stile-contemporaneo","7":"product_cat-tutti-gli-stili","8":"product_tag-capotavola","10":"first","11":"instock","12":"shipping-taxable","13":"product-type-simple"},"_links":{"self":[{"href":"https:\/\/bschairs.it\/de\/wp-json\/wp\/v2\/product\/13556","targetHints":{"allow":["GET"]}}],"collection":[{"href":"https:\/\/bschairs.it\/de\/wp-json\/wp\/v2\/product"}],"about":[{"href":"https:\/\/bschairs.it\/de\/wp-json\/wp\/v2\/types\/product"}],"replies":[{"embeddable":true,"href":"https:\/\/bschairs.it\/de\/wp-json\/wp\/v2\/comments?post=13556"}],"wp:featuredmedia":[{"embeddable":true,"href":"https:\/\/bschairs.it\/de\/wp-json\/wp\/v2\/media\/13649"}],"wp:attachment":[{"href":"https:\/\/bschairs.it\/de\/wp-json\/wp\/v2\/media?parent=13556"}],"wp:term":[{"taxonomy":"product_brand","embeddable":true,"href":"https:\/\/bschairs.it\/de\/wp-json\/wp\/v2\/product_brand?post=13556"},{"taxonomy":"product_cat","embeddable":true,"href":"https:\/\/bschairs.it\/de\/wp-json\/wp\/v2\/product_cat?post=13556"},{"taxonomy":"product_tag","embeddable":true,"href":"https:\/\/bschairs.it\/de\/wp-json\/wp\/v2\/product_tag?post=13556"}],"curies":[{"name":"wp","href":"https:\/\/api.w.org\/{rel}","templated":true}]}}