{"id":13557,"date":"2024-09-13T14:36:56","date_gmt":"2024-09-13T14:36:56","guid":{"rendered":"https:\/\/bschairs.it\/?post_type=product&#038;p=13557"},"modified":"2024-10-07T11:49:09","modified_gmt":"2024-10-07T11:49:09","slug":"jefferson","status":"publish","type":"product","link":"https:\/\/bschairs.it\/de\/negozio\/tutti-gli-stili\/stile-contemporaneo\/jefferson\/","title":{"rendered":"Jefferson"},"content":{"rendered":"<p>Armlehnsessel entworfen, um mit seinen einladenden Armlehnen und der ergonomischen R\u00fcckenlehne \u00fcberlegenen Komfort zu bieten. Ein Einrichtungszubeh\u00f6r, um Energie und Dynamik in jede Umgebung zu bringen, von der Restaurantspeisekammer bis zum modernen Hotelzimmer.<\/p>","protected":false},"excerpt":{"rendered":"<p>Armlehnsessel entworfen, um mit seinen einladenden Armlehnen und der ergonomischen R\u00fcckenlehne \u00fcberlegenen Komfort zu bieten. Ein Einrichtungszubeh\u00f6r, um Energie und Dynamik in jede Umgebung zu bringen, von der Restaurantspeisekammer bis zum modernen Hotelzimmer.<\/p>","protected":false},"featured_media":15057,"comment_status":"closed","ping_status":"closed","template":"","meta":[],"product_brand":[],"product_cat":[126,125],"product_tag":[129,133],"class_list":{"0":"post-13557","1":"product","2":"type-product","3":"status-publish","4":"has-post-thumbnail","6":"product_cat-stile-contemporaneo","7":"product_cat-tutti-gli-stili","8":"product_tag-capotavola","9":"product_tag-poltroncine","11":"first","12":"instock","13":"shipping-taxable","14":"product-type-simple"},"_links":{"self":[{"href":"https:\/\/bschairs.it\/de\/wp-json\/wp\/v2\/product\/13557","targetHints":{"allow":["GET"]}}],"collection":[{"href":"https:\/\/bschairs.it\/de\/wp-json\/wp\/v2\/product"}],"about":[{"href":"https:\/\/bschairs.it\/de\/wp-json\/wp\/v2\/types\/product"}],"replies":[{"embeddable":true,"href":"https:\/\/bschairs.it\/de\/wp-json\/wp\/v2\/comments?post=13557"}],"wp:featuredmedia":[{"embeddable":true,"href":"https:\/\/bschairs.it\/de\/wp-json\/wp\/v2\/media\/15057"}],"wp:attachment":[{"href":"https:\/\/bschairs.it\/de\/wp-json\/wp\/v2\/media?parent=13557"}],"wp:term":[{"taxonomy":"product_brand","embeddable":true,"href":"https:\/\/bschairs.it\/de\/wp-json\/wp\/v2\/product_brand?post=13557"},{"taxonomy":"product_cat","embeddable":true,"href":"https:\/\/bschairs.it\/de\/wp-json\/wp\/v2\/product_cat?post=13557"},{"taxonomy":"product_tag","embeddable":true,"href":"https:\/\/bschairs.it\/de\/wp-json\/wp\/v2\/product_tag?post=13557"}],"curies":[{"name":"wp","href":"https:\/\/api.w.org\/{rel}","templated":true}]}}