{"id":13588,"date":"2024-02-13T14:37:18","date_gmt":"2024-02-13T14:37:18","guid":{"rendered":"https:\/\/bschairs.it\/?post_type=product&#038;p=13588"},"modified":"2024-05-20T11:29:28","modified_gmt":"2024-05-20T11:29:28","slug":"europa","status":"publish","type":"product","link":"https:\/\/bschairs.it\/de\/negozio\/tutti-gli-stili\/stile-contemporaneo\/europa\/","title":{"rendered":"Europa"},"content":{"rendered":"<p>Der runde Pouf Europa ist ein vielseitiges und stilvolles Einrichtungszubeh\u00f6r, das sowohl als zus\u00e4tzliche Sitzgelegenheit als auch als Ablagefl\u00e4che dienen kann. Die obere Partie ist gepolstert und mit Samt bezogen, was eine weiche und bequeme Oberfl\u00e4che zum Sitzen bietet.<\/p>","protected":false},"excerpt":{"rendered":"<p>Der runde Pouf Europa ist ein vielseitiges und stilvolles Einrichtungszubeh\u00f6r, das sowohl als zus\u00e4tzliche Sitzgelegenheit als auch als Ablagefl\u00e4che dienen kann. Die obere Partie ist gepolstert und mit Samt bezogen, was eine weiche und bequeme Oberfl\u00e4che zum Sitzen bietet.<\/p>","protected":false},"featured_media":13667,"comment_status":"closed","ping_status":"closed","template":"","meta":[],"product_brand":[],"product_cat":[126,125],"product_tag":[136],"class_list":{"0":"post-13588","1":"product","2":"type-product","3":"status-publish","4":"has-post-thumbnail","6":"product_cat-stile-contemporaneo","7":"product_cat-tutti-gli-stili","8":"product_tag-pouf","10":"first","11":"instock","12":"shipping-taxable","13":"product-type-simple"},"_links":{"self":[{"href":"https:\/\/bschairs.it\/de\/wp-json\/wp\/v2\/product\/13588","targetHints":{"allow":["GET"]}}],"collection":[{"href":"https:\/\/bschairs.it\/de\/wp-json\/wp\/v2\/product"}],"about":[{"href":"https:\/\/bschairs.it\/de\/wp-json\/wp\/v2\/types\/product"}],"replies":[{"embeddable":true,"href":"https:\/\/bschairs.it\/de\/wp-json\/wp\/v2\/comments?post=13588"}],"wp:featuredmedia":[{"embeddable":true,"href":"https:\/\/bschairs.it\/de\/wp-json\/wp\/v2\/media\/13667"}],"wp:attachment":[{"href":"https:\/\/bschairs.it\/de\/wp-json\/wp\/v2\/media?parent=13588"}],"wp:term":[{"taxonomy":"product_brand","embeddable":true,"href":"https:\/\/bschairs.it\/de\/wp-json\/wp\/v2\/product_brand?post=13588"},{"taxonomy":"product_cat","embeddable":true,"href":"https:\/\/bschairs.it\/de\/wp-json\/wp\/v2\/product_cat?post=13588"},{"taxonomy":"product_tag","embeddable":true,"href":"https:\/\/bschairs.it\/de\/wp-json\/wp\/v2\/product_tag?post=13588"}],"curies":[{"name":"wp","href":"https:\/\/api.w.org\/{rel}","templated":true}]}}