{"id":13590,"date":"2024-02-13T14:37:18","date_gmt":"2024-02-13T14:37:18","guid":{"rendered":"https:\/\/bschairs.it\/?post_type=product&#038;p=13590"},"modified":"2024-05-20T11:31:01","modified_gmt":"2024-05-20T11:31:01","slug":"africa","status":"publish","type":"product","link":"https:\/\/bschairs.it\/de\/negozio\/tutti-gli-stili\/stile-contemporaneo\/africa\/","title":{"rendered":"Africa"},"content":{"rendered":"<p>Pouf perfekt als M\u00f6belerg\u00e4nzung in einer Vielzahl verschiedener Wohnr\u00e4ume. Die kreisf\u00f6rmige Basis und die Oberseite sind gepolstert und bezogen. Es verleiht R\u00e4umen wie Fluren, Hotelzimmern oder Loungebereichen eine Note von Eleganz und Funktionalit\u00e4t<\/p>","protected":false},"excerpt":{"rendered":"<p>Pouf perfekt als M\u00f6belerg\u00e4nzung in einer Vielzahl verschiedener Wohnr\u00e4ume. Die kreisf\u00f6rmige Basis und die Oberseite sind gepolstert und bezogen. Es verleiht R\u00e4umen wie Fluren, Hotelzimmern oder Loungebereichen eine Note von Eleganz und Funktionalit\u00e4t<\/p>","protected":false},"featured_media":13669,"comment_status":"closed","ping_status":"closed","template":"","meta":[],"product_brand":[],"product_cat":[126,125],"product_tag":[136],"class_list":{"0":"post-13590","1":"product","2":"type-product","3":"status-publish","4":"has-post-thumbnail","6":"product_cat-stile-contemporaneo","7":"product_cat-tutti-gli-stili","8":"product_tag-pouf","10":"first","11":"instock","12":"shipping-taxable","13":"product-type-simple"},"_links":{"self":[{"href":"https:\/\/bschairs.it\/de\/wp-json\/wp\/v2\/product\/13590","targetHints":{"allow":["GET"]}}],"collection":[{"href":"https:\/\/bschairs.it\/de\/wp-json\/wp\/v2\/product"}],"about":[{"href":"https:\/\/bschairs.it\/de\/wp-json\/wp\/v2\/types\/product"}],"replies":[{"embeddable":true,"href":"https:\/\/bschairs.it\/de\/wp-json\/wp\/v2\/comments?post=13590"}],"wp:featuredmedia":[{"embeddable":true,"href":"https:\/\/bschairs.it\/de\/wp-json\/wp\/v2\/media\/13669"}],"wp:attachment":[{"href":"https:\/\/bschairs.it\/de\/wp-json\/wp\/v2\/media?parent=13590"}],"wp:term":[{"taxonomy":"product_brand","embeddable":true,"href":"https:\/\/bschairs.it\/de\/wp-json\/wp\/v2\/product_brand?post=13590"},{"taxonomy":"product_cat","embeddable":true,"href":"https:\/\/bschairs.it\/de\/wp-json\/wp\/v2\/product_cat?post=13590"},{"taxonomy":"product_tag","embeddable":true,"href":"https:\/\/bschairs.it\/de\/wp-json\/wp\/v2\/product_tag?post=13590"}],"curies":[{"name":"wp","href":"https:\/\/api.w.org\/{rel}","templated":true}]}}