{"id":13591,"date":"2024-02-13T14:37:18","date_gmt":"2024-02-13T14:37:18","guid":{"rendered":"https:\/\/bschairs.it\/?post_type=product&#038;p=13591"},"modified":"2024-05-20T12:57:10","modified_gmt":"2024-05-20T12:57:10","slug":"america","status":"publish","type":"product","link":"https:\/\/bschairs.it\/de\/negozio\/tutti-gli-stili\/stile-contemporaneo\/america\/","title":{"rendered":"America"},"content":{"rendered":"<p>Pouf als funktionales und dynamisches Designobjekt. Er hat eine kubische Form und eine solide Konstruktion, ideal f\u00fcr die Verwendung als zus\u00e4tzlicher Sitz oder vielseitige Unterst\u00fctzung in jedem Raum. Eine ausgezeichnete Wahl f\u00fcr diejenigen, die Energie und Stil in Wohnr\u00e4ume einbringen m\u00f6chten.<\/p>","protected":false},"excerpt":{"rendered":"<p>Pouf als funktionales und dynamisches Designobjekt. Er hat eine kubische Form und eine solide Konstruktion, ideal f\u00fcr die Verwendung als zus\u00e4tzlicher Sitz oder vielseitige Unterst\u00fctzung in jedem Raum. Eine ausgezeichnete Wahl f\u00fcr diejenigen, die Energie und Stil in Wohnr\u00e4ume einbringen m\u00f6chten.<\/p>","protected":false},"featured_media":13670,"comment_status":"closed","ping_status":"closed","template":"","meta":[],"product_brand":[],"product_cat":[126,125],"product_tag":[136],"class_list":{"0":"post-13591","1":"product","2":"type-product","3":"status-publish","4":"has-post-thumbnail","6":"product_cat-stile-contemporaneo","7":"product_cat-tutti-gli-stili","8":"product_tag-pouf","10":"first","11":"instock","12":"shipping-taxable","13":"product-type-simple"},"_links":{"self":[{"href":"https:\/\/bschairs.it\/de\/wp-json\/wp\/v2\/product\/13591","targetHints":{"allow":["GET"]}}],"collection":[{"href":"https:\/\/bschairs.it\/de\/wp-json\/wp\/v2\/product"}],"about":[{"href":"https:\/\/bschairs.it\/de\/wp-json\/wp\/v2\/types\/product"}],"replies":[{"embeddable":true,"href":"https:\/\/bschairs.it\/de\/wp-json\/wp\/v2\/comments?post=13591"}],"wp:featuredmedia":[{"embeddable":true,"href":"https:\/\/bschairs.it\/de\/wp-json\/wp\/v2\/media\/13670"}],"wp:attachment":[{"href":"https:\/\/bschairs.it\/de\/wp-json\/wp\/v2\/media?parent=13591"}],"wp:term":[{"taxonomy":"product_brand","embeddable":true,"href":"https:\/\/bschairs.it\/de\/wp-json\/wp\/v2\/product_brand?post=13591"},{"taxonomy":"product_cat","embeddable":true,"href":"https:\/\/bschairs.it\/de\/wp-json\/wp\/v2\/product_cat?post=13591"},{"taxonomy":"product_tag","embeddable":true,"href":"https:\/\/bschairs.it\/de\/wp-json\/wp\/v2\/product_tag?post=13591"}],"curies":[{"name":"wp","href":"https:\/\/api.w.org\/{rel}","templated":true}]}}