{"id":13592,"date":"2024-02-13T14:37:18","date_gmt":"2024-02-13T14:37:18","guid":{"rendered":"https:\/\/bschairs.it\/?post_type=product&#038;p=13592"},"modified":"2024-05-20T12:57:56","modified_gmt":"2024-05-20T12:57:56","slug":"oceania","status":"publish","type":"product","link":"https:\/\/bschairs.it\/de\/negozio\/tutti-gli-stili\/stile-contemporaneo\/oceania\/","title":{"rendered":"Oceania"},"content":{"rendered":"<p>Pouf ideal als zus\u00e4tzlicher Sitz, Fu\u00dfst\u00fctze oder als Oberfl\u00e4che f\u00fcr das Platzieren eines Tabletts. Mit einer rechteckigen Form und modernem Design ist dieser Pouf perfekt, um jedem Hotelumfeld eine Note von Eleganz und Funktionalit\u00e4t zu verleihen. Seine Sitzfl\u00e4che ist gepolstert und mit Stoff bezogen.<\/p>","protected":false},"excerpt":{"rendered":"<p>Pouf ideal als zus\u00e4tzlicher Sitz, Fu\u00dfst\u00fctze oder als Oberfl\u00e4che f\u00fcr das Platzieren eines Tabletts. Mit einer rechteckigen Form und modernem Design ist dieser Pouf perfekt, um jedem Hotelumfeld eine Note von Eleganz und Funktionalit\u00e4t zu verleihen. Seine Sitzfl\u00e4che ist gepolstert und mit Stoff bezogen.<\/p>","protected":false},"featured_media":13671,"comment_status":"closed","ping_status":"closed","template":"","meta":[],"product_brand":[],"product_cat":[126,125],"product_tag":[136],"class_list":{"0":"post-13592","1":"product","2":"type-product","3":"status-publish","4":"has-post-thumbnail","6":"product_cat-stile-contemporaneo","7":"product_cat-tutti-gli-stili","8":"product_tag-pouf","10":"first","11":"instock","12":"shipping-taxable","13":"product-type-simple"},"_links":{"self":[{"href":"https:\/\/bschairs.it\/de\/wp-json\/wp\/v2\/product\/13592","targetHints":{"allow":["GET"]}}],"collection":[{"href":"https:\/\/bschairs.it\/de\/wp-json\/wp\/v2\/product"}],"about":[{"href":"https:\/\/bschairs.it\/de\/wp-json\/wp\/v2\/types\/product"}],"replies":[{"embeddable":true,"href":"https:\/\/bschairs.it\/de\/wp-json\/wp\/v2\/comments?post=13592"}],"wp:featuredmedia":[{"embeddable":true,"href":"https:\/\/bschairs.it\/de\/wp-json\/wp\/v2\/media\/13671"}],"wp:attachment":[{"href":"https:\/\/bschairs.it\/de\/wp-json\/wp\/v2\/media?parent=13592"}],"wp:term":[{"taxonomy":"product_brand","embeddable":true,"href":"https:\/\/bschairs.it\/de\/wp-json\/wp\/v2\/product_brand?post=13592"},{"taxonomy":"product_cat","embeddable":true,"href":"https:\/\/bschairs.it\/de\/wp-json\/wp\/v2\/product_cat?post=13592"},{"taxonomy":"product_tag","embeddable":true,"href":"https:\/\/bschairs.it\/de\/wp-json\/wp\/v2\/product_tag?post=13592"}],"curies":[{"name":"wp","href":"https:\/\/api.w.org\/{rel}","templated":true}]}}