{"id":13593,"date":"2024-02-13T14:37:18","date_gmt":"2024-02-13T14:37:18","guid":{"rendered":"https:\/\/bschairs.it\/?post_type=product&#038;p=13593"},"modified":"2024-05-20T12:58:41","modified_gmt":"2024-05-20T12:58:41","slug":"antartide","status":"publish","type":"product","link":"https:\/\/bschairs.it\/de\/negozio\/tutti-gli-stili\/stile-contemporaneo\/antartide\/","title":{"rendered":"Antartide"},"content":{"rendered":"<p>Sechseckiger Pouf mit einem zeitgen\u00f6ssischen Design, ideal, um jedem Raum einen Hauch von Farbe und Vielseitigkeit zu verleihen. Dieses Einrichtungszubeh\u00f6r ist multifunktional: Es kann als zus\u00e4tzlicher Sitz, Fu\u00dfst\u00fctze oder als dekoratives Element verwendet werden.<\/p>","protected":false},"excerpt":{"rendered":"<p>Sechseckiger Pouf mit einem zeitgen\u00f6ssischen Design, ideal, um jedem Raum einen Hauch von Farbe und Vielseitigkeit zu verleihen. Dieses Einrichtungszubeh\u00f6r ist multifunktional: Es kann als zus\u00e4tzlicher Sitz, Fu\u00dfst\u00fctze oder als dekoratives Element verwendet werden.<\/p>","protected":false},"featured_media":13672,"comment_status":"closed","ping_status":"closed","template":"","meta":[],"product_brand":[],"product_cat":[126,125],"product_tag":[136],"class_list":{"0":"post-13593","1":"product","2":"type-product","3":"status-publish","4":"has-post-thumbnail","6":"product_cat-stile-contemporaneo","7":"product_cat-tutti-gli-stili","8":"product_tag-pouf","10":"first","11":"instock","12":"shipping-taxable","13":"product-type-simple"},"_links":{"self":[{"href":"https:\/\/bschairs.it\/de\/wp-json\/wp\/v2\/product\/13593","targetHints":{"allow":["GET"]}}],"collection":[{"href":"https:\/\/bschairs.it\/de\/wp-json\/wp\/v2\/product"}],"about":[{"href":"https:\/\/bschairs.it\/de\/wp-json\/wp\/v2\/types\/product"}],"replies":[{"embeddable":true,"href":"https:\/\/bschairs.it\/de\/wp-json\/wp\/v2\/comments?post=13593"}],"wp:featuredmedia":[{"embeddable":true,"href":"https:\/\/bschairs.it\/de\/wp-json\/wp\/v2\/media\/13672"}],"wp:attachment":[{"href":"https:\/\/bschairs.it\/de\/wp-json\/wp\/v2\/media?parent=13593"}],"wp:term":[{"taxonomy":"product_brand","embeddable":true,"href":"https:\/\/bschairs.it\/de\/wp-json\/wp\/v2\/product_brand?post=13593"},{"taxonomy":"product_cat","embeddable":true,"href":"https:\/\/bschairs.it\/de\/wp-json\/wp\/v2\/product_cat?post=13593"},{"taxonomy":"product_tag","embeddable":true,"href":"https:\/\/bschairs.it\/de\/wp-json\/wp\/v2\/product_tag?post=13593"}],"curies":[{"name":"wp","href":"https:\/\/api.w.org\/{rel}","templated":true}]}}