{"id":13594,"date":"2024-02-13T14:37:18","date_gmt":"2024-02-13T14:37:18","guid":{"rendered":"https:\/\/bschairs.it\/?post_type=product&#038;p=13594"},"modified":"2024-05-20T12:59:30","modified_gmt":"2024-05-20T12:59:30","slug":"charlotte-2","status":"publish","type":"product","link":"https:\/\/bschairs.it\/de\/negozio\/tutti-gli-stili\/stile-contemporaneo\/charlotte-2\/","title":{"rendered":"Charlotte"},"content":{"rendered":"<p>Restaurantstuhl mit raffiniertem und minimalistischem Stil, ideal, um jedem Hotel eine Note von zur\u00fcckhaltender Eleganz zu verleihen. Das charakteristische Detail befindet sich auf der R\u00fcckseite der R\u00fcckenlehne, die ein reich verziertes dekoratives Motiv zeigt und somit eine Note anspruchsvoller Handwerkskunst hinzuf\u00fcgt.<\/p>","protected":false},"excerpt":{"rendered":"<p>Restaurantstuhl mit raffiniertem und minimalistischem Stil, ideal, um jedem Hotel eine Note von zur\u00fcckhaltender Eleganz zu verleihen. Das charakteristische Detail befindet sich auf der R\u00fcckseite der R\u00fcckenlehne, die ein reich verziertes dekoratives Motiv zeigt und somit eine Note anspruchsvoller Handwerkskunst hinzuf\u00fcgt.<\/p>","protected":false},"featured_media":13681,"comment_status":"closed","ping_status":"closed","template":"","meta":[],"product_brand":[],"product_cat":[126,125],"product_tag":[130],"class_list":{"0":"post-13594","1":"product","2":"type-product","3":"status-publish","4":"has-post-thumbnail","6":"product_cat-stile-contemporaneo","7":"product_cat-tutti-gli-stili","8":"product_tag-sedie","10":"first","11":"instock","12":"shipping-taxable","13":"product-type-simple"},"_links":{"self":[{"href":"https:\/\/bschairs.it\/de\/wp-json\/wp\/v2\/product\/13594","targetHints":{"allow":["GET"]}}],"collection":[{"href":"https:\/\/bschairs.it\/de\/wp-json\/wp\/v2\/product"}],"about":[{"href":"https:\/\/bschairs.it\/de\/wp-json\/wp\/v2\/types\/product"}],"replies":[{"embeddable":true,"href":"https:\/\/bschairs.it\/de\/wp-json\/wp\/v2\/comments?post=13594"}],"wp:featuredmedia":[{"embeddable":true,"href":"https:\/\/bschairs.it\/de\/wp-json\/wp\/v2\/media\/13681"}],"wp:attachment":[{"href":"https:\/\/bschairs.it\/de\/wp-json\/wp\/v2\/media?parent=13594"}],"wp:term":[{"taxonomy":"product_brand","embeddable":true,"href":"https:\/\/bschairs.it\/de\/wp-json\/wp\/v2\/product_brand?post=13594"},{"taxonomy":"product_cat","embeddable":true,"href":"https:\/\/bschairs.it\/de\/wp-json\/wp\/v2\/product_cat?post=13594"},{"taxonomy":"product_tag","embeddable":true,"href":"https:\/\/bschairs.it\/de\/wp-json\/wp\/v2\/product_tag?post=13594"}],"curies":[{"name":"wp","href":"https:\/\/api.w.org\/{rel}","templated":true}]}}