{"id":13621,"date":"2024-02-13T14:37:41","date_gmt":"2024-02-13T14:37:41","guid":{"rendered":"https:\/\/bschairs.it\/?post_type=product&#038;p=13621"},"modified":"2024-05-20T11:20:06","modified_gmt":"2024-05-20T11:20:06","slug":"toronto-3","status":"publish","type":"product","link":"https:\/\/bschairs.it\/de\/negozio\/tutti-gli-stili\/stile-contemporaneo\/toronto-3\/","title":{"rendered":"Toronto"},"content":{"rendered":"<p>Lounge-Bank mit einem zeitgen\u00f6ssischen und ansprechenden Design, die durch eine einh\u00fcllende Sitzfl\u00e4che gekennzeichnet ist, die Komfort und Stil vereint. Die geschwungene Linie der R\u00fcckenlehne, kombiniert mit der Kante, die durch eine feine Naht hervorgehoben wird, schafft ein markantes und modernes Profil. Perfekt, um Wohnr\u00e4umen eine Note von Raffinesse zu verleihen.<\/p>","protected":false},"excerpt":{"rendered":"<p>Lounge-Bank mit einem zeitgen\u00f6ssischen und ansprechenden Design, die durch eine einh\u00fcllende Sitzfl\u00e4che gekennzeichnet ist, die Komfort und Stil vereint. Die geschwungene Linie der R\u00fcckenlehne, kombiniert mit der Kante, die durch eine feine Naht hervorgehoben wird, schafft ein markantes und modernes Profil. Perfekt, um Wohnr\u00e4umen eine Note von Raffinesse zu verleihen.<\/p>","protected":false},"featured_media":13685,"comment_status":"closed","ping_status":"closed","template":"","meta":[],"product_brand":[],"product_cat":[126,125],"product_tag":[138],"class_list":{"0":"post-13621","1":"product","2":"type-product","3":"status-publish","4":"has-post-thumbnail","6":"product_cat-stile-contemporaneo","7":"product_cat-tutti-gli-stili","8":"product_tag-panca","10":"first","11":"instock","12":"shipping-taxable","13":"product-type-simple"},"_links":{"self":[{"href":"https:\/\/bschairs.it\/de\/wp-json\/wp\/v2\/product\/13621","targetHints":{"allow":["GET"]}}],"collection":[{"href":"https:\/\/bschairs.it\/de\/wp-json\/wp\/v2\/product"}],"about":[{"href":"https:\/\/bschairs.it\/de\/wp-json\/wp\/v2\/types\/product"}],"replies":[{"embeddable":true,"href":"https:\/\/bschairs.it\/de\/wp-json\/wp\/v2\/comments?post=13621"}],"wp:featuredmedia":[{"embeddable":true,"href":"https:\/\/bschairs.it\/de\/wp-json\/wp\/v2\/media\/13685"}],"wp:attachment":[{"href":"https:\/\/bschairs.it\/de\/wp-json\/wp\/v2\/media?parent=13621"}],"wp:term":[{"taxonomy":"product_brand","embeddable":true,"href":"https:\/\/bschairs.it\/de\/wp-json\/wp\/v2\/product_brand?post=13621"},{"taxonomy":"product_cat","embeddable":true,"href":"https:\/\/bschairs.it\/de\/wp-json\/wp\/v2\/product_cat?post=13621"},{"taxonomy":"product_tag","embeddable":true,"href":"https:\/\/bschairs.it\/de\/wp-json\/wp\/v2\/product_tag?post=13621"}],"curies":[{"name":"wp","href":"https:\/\/api.w.org\/{rel}","templated":true}]}}