{"id":13622,"date":"2024-02-13T14:37:41","date_gmt":"2024-02-13T14:37:41","guid":{"rendered":"https:\/\/bschairs.it\/?post_type=product&#038;p=13622"},"modified":"2024-05-20T11:20:54","modified_gmt":"2024-05-20T11:20:54","slug":"austin-2","status":"publish","type":"product","link":"https:\/\/bschairs.it\/de\/negozio\/tutti-gli-stili\/stile-contemporaneo\/austin-2\/","title":{"rendered":"Austin"},"content":{"rendered":"<p>Elegante Bank, perfekt, um dem Eingang eines Hotels einen Hauch von Klasse und Komfort zu verleihen oder als Einrichtungselement f\u00fcr verschiedene R\u00e4ume. Die breite Sitzfl\u00e4che ist gro\u00dfz\u00fcgig gepolstert und mit einem strapazierf\u00e4higen Stoff bezogen. Dieses Design kombiniert moderne Linien mit klassischen Details.<\/p>","protected":false},"excerpt":{"rendered":"<p>Elegante Bank, perfekt, um dem Eingang eines Hotels einen Hauch von Klasse und Komfort zu verleihen oder als Einrichtungselement f\u00fcr verschiedene R\u00e4ume. Die breite Sitzfl\u00e4che ist gro\u00dfz\u00fcgig gepolstert und mit einem strapazierf\u00e4higen Stoff bezogen. Dieses Design kombiniert moderne Linien mit klassischen Details.<\/p>","protected":false},"featured_media":13689,"comment_status":"closed","ping_status":"closed","template":"","meta":[],"product_brand":[],"product_cat":[126,125],"product_tag":[138],"class_list":{"0":"post-13622","1":"product","2":"type-product","3":"status-publish","4":"has-post-thumbnail","6":"product_cat-stile-contemporaneo","7":"product_cat-tutti-gli-stili","8":"product_tag-panca","10":"first","11":"instock","12":"shipping-taxable","13":"product-type-simple"},"_links":{"self":[{"href":"https:\/\/bschairs.it\/de\/wp-json\/wp\/v2\/product\/13622","targetHints":{"allow":["GET"]}}],"collection":[{"href":"https:\/\/bschairs.it\/de\/wp-json\/wp\/v2\/product"}],"about":[{"href":"https:\/\/bschairs.it\/de\/wp-json\/wp\/v2\/types\/product"}],"replies":[{"embeddable":true,"href":"https:\/\/bschairs.it\/de\/wp-json\/wp\/v2\/comments?post=13622"}],"wp:featuredmedia":[{"embeddable":true,"href":"https:\/\/bschairs.it\/de\/wp-json\/wp\/v2\/media\/13689"}],"wp:attachment":[{"href":"https:\/\/bschairs.it\/de\/wp-json\/wp\/v2\/media?parent=13622"}],"wp:term":[{"taxonomy":"product_brand","embeddable":true,"href":"https:\/\/bschairs.it\/de\/wp-json\/wp\/v2\/product_brand?post=13622"},{"taxonomy":"product_cat","embeddable":true,"href":"https:\/\/bschairs.it\/de\/wp-json\/wp\/v2\/product_cat?post=13622"},{"taxonomy":"product_tag","embeddable":true,"href":"https:\/\/bschairs.it\/de\/wp-json\/wp\/v2\/product_tag?post=13622"}],"curies":[{"name":"wp","href":"https:\/\/api.w.org\/{rel}","templated":true}]}}