{"id":13623,"date":"2024-02-13T14:37:41","date_gmt":"2024-02-13T14:37:41","guid":{"rendered":"https:\/\/bschairs.it\/?post_type=product&#038;p=13623"},"modified":"2024-05-20T11:23:30","modified_gmt":"2024-05-20T11:23:30","slug":"ticino","status":"publish","type":"product","link":"https:\/\/bschairs.it\/de\/negozio\/tutti-gli-stili\/stile-contemporaneo\/ticino\/","title":{"rendered":"Ticino"},"content":{"rendered":"<p>Geschwungene Silhouette f\u00fcr diesen Sessel, der eine einladende Pr\u00e4senz in jedem Wohnbereich bietet. Hergestellt aus zertifiziertem europ\u00e4ischem Buchenholz, ist dieses Produkt die ideale Wahl f\u00fcr diejenigen, die eine Balance zwischen Komfort, Stil und Funktionalit\u00e4t f\u00fcr ihren Restaurant-Speisesaal oder Entspannungsbereich suchen.<\/p>","protected":false},"excerpt":{"rendered":"<p>Geschwungene Silhouette f\u00fcr diesen Sessel, der eine einladende Pr\u00e4senz in jedem Wohnbereich bietet. Hergestellt aus zertifiziertem europ\u00e4ischem Buchenholz, ist dieses Produkt die ideale Wahl f\u00fcr diejenigen, die eine Balance zwischen Komfort, Stil und Funktionalit\u00e4t f\u00fcr ihren Restaurant-Speisesaal oder Entspannungsbereich suchen.<\/p>","protected":false},"featured_media":13693,"comment_status":"closed","ping_status":"closed","template":"","meta":[],"product_brand":[],"product_cat":[126,125],"product_tag":[134],"class_list":{"0":"post-13623","1":"product","2":"type-product","3":"status-publish","4":"has-post-thumbnail","6":"product_cat-stile-contemporaneo","7":"product_cat-tutti-gli-stili","8":"product_tag-poltrone","10":"first","11":"instock","12":"shipping-taxable","13":"product-type-simple"},"_links":{"self":[{"href":"https:\/\/bschairs.it\/de\/wp-json\/wp\/v2\/product\/13623","targetHints":{"allow":["GET"]}}],"collection":[{"href":"https:\/\/bschairs.it\/de\/wp-json\/wp\/v2\/product"}],"about":[{"href":"https:\/\/bschairs.it\/de\/wp-json\/wp\/v2\/types\/product"}],"replies":[{"embeddable":true,"href":"https:\/\/bschairs.it\/de\/wp-json\/wp\/v2\/comments?post=13623"}],"wp:featuredmedia":[{"embeddable":true,"href":"https:\/\/bschairs.it\/de\/wp-json\/wp\/v2\/media\/13693"}],"wp:attachment":[{"href":"https:\/\/bschairs.it\/de\/wp-json\/wp\/v2\/media?parent=13623"}],"wp:term":[{"taxonomy":"product_brand","embeddable":true,"href":"https:\/\/bschairs.it\/de\/wp-json\/wp\/v2\/product_brand?post=13623"},{"taxonomy":"product_cat","embeddable":true,"href":"https:\/\/bschairs.it\/de\/wp-json\/wp\/v2\/product_cat?post=13623"},{"taxonomy":"product_tag","embeddable":true,"href":"https:\/\/bschairs.it\/de\/wp-json\/wp\/v2\/product_tag?post=13623"}],"curies":[{"name":"wp","href":"https:\/\/api.w.org\/{rel}","templated":true}]}}