{"id":13624,"date":"2024-02-13T14:37:41","date_gmt":"2024-02-13T14:37:41","guid":{"rendered":"https:\/\/bschairs.it\/?post_type=product&#038;p=13624"},"modified":"2024-05-20T11:24:42","modified_gmt":"2024-05-20T11:24:42","slug":"cancun","status":"publish","type":"product","link":"https:\/\/bschairs.it\/de\/negozio\/tutti-gli-stili\/stile-contemporaneo\/cancun\/","title":{"rendered":"Cancun"},"content":{"rendered":"<p>Stuhl aus Iroko-Holz f\u00fcr den Au\u00dfenbereich im nat\u00fcrlichen und essentiellen Stil mit einer warmen Honig-Finish, perfekt f\u00fcr die Integration in rustikal gestaltete Umgebungen. Es ist eine ideale Wahl f\u00fcr diejenigen, die die Sch\u00f6nheit und Einfachheit nat\u00fcrlicher Materialien sch\u00e4tzen und ein hochwertiges M\u00f6belst\u00fcck w\u00fcnschen, das lange h\u00e4lt.<\/p>","protected":false},"excerpt":{"rendered":"<p>Stuhl aus Iroko-Holz f\u00fcr den Au\u00dfenbereich im nat\u00fcrlichen und essentiellen Stil mit einer warmen Honig-Finish, perfekt f\u00fcr die Integration in rustikal gestaltete Umgebungen. Es ist eine ideale Wahl f\u00fcr diejenigen, die die Sch\u00f6nheit und Einfachheit nat\u00fcrlicher Materialien sch\u00e4tzen und ein hochwertiges M\u00f6belst\u00fcck w\u00fcnschen, das lange h\u00e4lt.<\/p>","protected":false},"featured_media":13697,"comment_status":"closed","ping_status":"closed","template":"","meta":[],"product_brand":[],"product_cat":[126,125],"product_tag":[127,130],"class_list":{"0":"post-13624","1":"product","2":"type-product","3":"status-publish","4":"has-post-thumbnail","6":"product_cat-stile-contemporaneo","7":"product_cat-tutti-gli-stili","8":"product_tag-outdoor","9":"product_tag-sedie","11":"first","12":"instock","13":"shipping-taxable","14":"product-type-simple"},"_links":{"self":[{"href":"https:\/\/bschairs.it\/de\/wp-json\/wp\/v2\/product\/13624","targetHints":{"allow":["GET"]}}],"collection":[{"href":"https:\/\/bschairs.it\/de\/wp-json\/wp\/v2\/product"}],"about":[{"href":"https:\/\/bschairs.it\/de\/wp-json\/wp\/v2\/types\/product"}],"replies":[{"embeddable":true,"href":"https:\/\/bschairs.it\/de\/wp-json\/wp\/v2\/comments?post=13624"}],"wp:featuredmedia":[{"embeddable":true,"href":"https:\/\/bschairs.it\/de\/wp-json\/wp\/v2\/media\/13697"}],"wp:attachment":[{"href":"https:\/\/bschairs.it\/de\/wp-json\/wp\/v2\/media?parent=13624"}],"wp:term":[{"taxonomy":"product_brand","embeddable":true,"href":"https:\/\/bschairs.it\/de\/wp-json\/wp\/v2\/product_brand?post=13624"},{"taxonomy":"product_cat","embeddable":true,"href":"https:\/\/bschairs.it\/de\/wp-json\/wp\/v2\/product_cat?post=13624"},{"taxonomy":"product_tag","embeddable":true,"href":"https:\/\/bschairs.it\/de\/wp-json\/wp\/v2\/product_tag?post=13624"}],"curies":[{"name":"wp","href":"https:\/\/api.w.org\/{rel}","templated":true}]}}