{"id":13625,"date":"2024-02-13T14:37:41","date_gmt":"2024-02-13T14:37:41","guid":{"rendered":"https:\/\/bschairs.it\/?post_type=product&#038;p=13625"},"modified":"2024-05-20T11:26:41","modified_gmt":"2024-05-20T11:26:41","slug":"cancun-2","status":"publish","type":"product","link":"https:\/\/bschairs.it\/de\/negozio\/tutti-gli-stili\/stile-contemporaneo\/cancun-2\/","title":{"rendered":"Cancun"},"content":{"rendered":"<p>Stuhl f\u00fcr den Au\u00dfenbereich mit einem sauberen und robusten Design und einer handwerklichen \u00c4sthetik. Vollst\u00e4ndig aus Iroko-Holz gefertigt, zeigt dieser Stuhl eine reiche Maserung, die dem St\u00fcck Charakter und W\u00e4rme verleiht. Das solide Aussehen und die hochwertige Verarbeitung machen ihn f\u00fcr Terrassen, Patios und Gartenbereiche geeignet.<\/p>","protected":false},"excerpt":{"rendered":"<p>Stuhl f\u00fcr den Au\u00dfenbereich mit einem sauberen und robusten Design und einer handwerklichen \u00c4sthetik. Vollst\u00e4ndig aus Iroko-Holz gefertigt, zeigt dieser Stuhl eine reiche Maserung, die dem St\u00fcck Charakter und W\u00e4rme verleiht. Das solide Aussehen und die hochwertige Verarbeitung machen ihn f\u00fcr Terrassen, Patios und Gartenbereiche geeignet.<\/p>","protected":false},"featured_media":13701,"comment_status":"closed","ping_status":"closed","template":"","meta":[],"product_brand":[],"product_cat":[126,125],"product_tag":[129,127],"class_list":{"0":"post-13625","1":"product","2":"type-product","3":"status-publish","4":"has-post-thumbnail","6":"product_cat-stile-contemporaneo","7":"product_cat-tutti-gli-stili","8":"product_tag-capotavola","9":"product_tag-outdoor","11":"first","12":"instock","13":"shipping-taxable","14":"product-type-simple"},"_links":{"self":[{"href":"https:\/\/bschairs.it\/de\/wp-json\/wp\/v2\/product\/13625","targetHints":{"allow":["GET"]}}],"collection":[{"href":"https:\/\/bschairs.it\/de\/wp-json\/wp\/v2\/product"}],"about":[{"href":"https:\/\/bschairs.it\/de\/wp-json\/wp\/v2\/types\/product"}],"replies":[{"embeddable":true,"href":"https:\/\/bschairs.it\/de\/wp-json\/wp\/v2\/comments?post=13625"}],"wp:featuredmedia":[{"embeddable":true,"href":"https:\/\/bschairs.it\/de\/wp-json\/wp\/v2\/media\/13701"}],"wp:attachment":[{"href":"https:\/\/bschairs.it\/de\/wp-json\/wp\/v2\/media?parent=13625"}],"wp:term":[{"taxonomy":"product_brand","embeddable":true,"href":"https:\/\/bschairs.it\/de\/wp-json\/wp\/v2\/product_brand?post=13625"},{"taxonomy":"product_cat","embeddable":true,"href":"https:\/\/bschairs.it\/de\/wp-json\/wp\/v2\/product_cat?post=13625"},{"taxonomy":"product_tag","embeddable":true,"href":"https:\/\/bschairs.it\/de\/wp-json\/wp\/v2\/product_tag?post=13625"}],"curies":[{"name":"wp","href":"https:\/\/api.w.org\/{rel}","templated":true}]}}