{"id":13626,"date":"2024-02-13T14:37:41","date_gmt":"2024-02-13T14:37:41","guid":{"rendered":"https:\/\/bschairs.it\/?post_type=product&#038;p=13626"},"modified":"2024-05-20T11:27:33","modified_gmt":"2024-05-20T11:27:33","slug":"round","status":"publish","type":"product","link":"https:\/\/bschairs.it\/de\/negozio\/tutti-gli-stili\/stile-contemporaneo\/round\/","title":{"rendered":"Round"},"content":{"rendered":"<p>Pouf mit zeitgen\u00f6ssischem Design, das die nat\u00fcrliche Sch\u00f6nheit der Materialien hervorhebt. Hergestellt aus Iroko-Holz, bekannt f\u00fcr seine Langlebigkeit und warme Farbe, verf\u00fcgt es \u00fcber eine solide Struktur, die dem M\u00f6belst\u00fcck Festigkeit und Stabilit\u00e4t verleiht. Perfektes Produkt f\u00fcr den Au\u00dfenbereich.<\/p>","protected":false},"excerpt":{"rendered":"<p>Pouf mit zeitgen\u00f6ssischem Design, das die nat\u00fcrliche Sch\u00f6nheit der Materialien hervorhebt. Hergestellt aus Iroko-Holz, bekannt f\u00fcr seine Langlebigkeit und warme Farbe, verf\u00fcgt es \u00fcber eine solide Struktur, die dem M\u00f6belst\u00fcck Festigkeit und Stabilit\u00e4t verleiht. Perfektes Produkt f\u00fcr den Au\u00dfenbereich.<\/p>","protected":false},"featured_media":13711,"comment_status":"closed","ping_status":"closed","template":"","meta":[],"product_brand":[],"product_cat":[126,125],"product_tag":[127,136],"class_list":{"0":"post-13626","1":"product","2":"type-product","3":"status-publish","4":"has-post-thumbnail","6":"product_cat-stile-contemporaneo","7":"product_cat-tutti-gli-stili","8":"product_tag-outdoor","9":"product_tag-pouf","11":"first","12":"instock","13":"shipping-taxable","14":"product-type-simple"},"_links":{"self":[{"href":"https:\/\/bschairs.it\/de\/wp-json\/wp\/v2\/product\/13626","targetHints":{"allow":["GET"]}}],"collection":[{"href":"https:\/\/bschairs.it\/de\/wp-json\/wp\/v2\/product"}],"about":[{"href":"https:\/\/bschairs.it\/de\/wp-json\/wp\/v2\/types\/product"}],"replies":[{"embeddable":true,"href":"https:\/\/bschairs.it\/de\/wp-json\/wp\/v2\/comments?post=13626"}],"wp:featuredmedia":[{"embeddable":true,"href":"https:\/\/bschairs.it\/de\/wp-json\/wp\/v2\/media\/13711"}],"wp:attachment":[{"href":"https:\/\/bschairs.it\/de\/wp-json\/wp\/v2\/media?parent=13626"}],"wp:term":[{"taxonomy":"product_brand","embeddable":true,"href":"https:\/\/bschairs.it\/de\/wp-json\/wp\/v2\/product_brand?post=13626"},{"taxonomy":"product_cat","embeddable":true,"href":"https:\/\/bschairs.it\/de\/wp-json\/wp\/v2\/product_cat?post=13626"},{"taxonomy":"product_tag","embeddable":true,"href":"https:\/\/bschairs.it\/de\/wp-json\/wp\/v2\/product_tag?post=13626"}],"curies":[{"name":"wp","href":"https:\/\/api.w.org\/{rel}","templated":true}]}}