{"id":13653,"date":"2024-02-13T14:38:03","date_gmt":"2024-02-13T14:38:03","guid":{"rendered":"https:\/\/bschairs.it\/?post_type=product&#038;p=13653"},"modified":"2024-05-20T11:08:53","modified_gmt":"2024-05-20T11:08:53","slug":"round-3","status":"publish","type":"product","link":"https:\/\/bschairs.it\/de\/negozio\/tutti-gli-stili\/stile-contemporaneo\/round-3\/","title":{"rendered":"Round"},"content":{"rendered":"<p>Sofa mit gepolsterten Kissen, bezogen mit einem beigen Stoff, die einen angenehmen Kontrast zur Solidit\u00e4t des Holzes bieten. Der Rahmen ist aus Iroko-Holz gefertigt, das f\u00fcr seine Widerstandsf\u00e4higkeit und die W\u00e4rme seines nat\u00fcrlichen Tons gesch\u00e4tzt wird. Perfekt f\u00fcr G\u00e4rten, Terrassen und den Au\u00dfenbereich.<\/p>","protected":false},"excerpt":{"rendered":"<p>Sofa mit gepolsterten Kissen, bezogen mit einem beigen Stoff, die einen angenehmen Kontrast zur Solidit\u00e4t des Holzes bieten. Der Rahmen ist aus Iroko-Holz gefertigt, das f\u00fcr seine Widerstandsf\u00e4higkeit und die W\u00e4rme seines nat\u00fcrlichen Tons gesch\u00e4tzt wird. Perfekt f\u00fcr G\u00e4rten, Terrassen und den Au\u00dfenbereich.<\/p>","protected":false},"featured_media":13717,"comment_status":"closed","ping_status":"closed","template":"","meta":[],"product_brand":[],"product_cat":[126,125],"product_tag":[135,127],"class_list":{"0":"post-13653","1":"product","2":"type-product","3":"status-publish","4":"has-post-thumbnail","6":"product_cat-stile-contemporaneo","7":"product_cat-tutti-gli-stili","8":"product_tag-divani","9":"product_tag-outdoor","11":"first","12":"instock","13":"shipping-taxable","14":"product-type-simple"},"_links":{"self":[{"href":"https:\/\/bschairs.it\/de\/wp-json\/wp\/v2\/product\/13653","targetHints":{"allow":["GET"]}}],"collection":[{"href":"https:\/\/bschairs.it\/de\/wp-json\/wp\/v2\/product"}],"about":[{"href":"https:\/\/bschairs.it\/de\/wp-json\/wp\/v2\/types\/product"}],"replies":[{"embeddable":true,"href":"https:\/\/bschairs.it\/de\/wp-json\/wp\/v2\/comments?post=13653"}],"wp:featuredmedia":[{"embeddable":true,"href":"https:\/\/bschairs.it\/de\/wp-json\/wp\/v2\/media\/13717"}],"wp:attachment":[{"href":"https:\/\/bschairs.it\/de\/wp-json\/wp\/v2\/media?parent=13653"}],"wp:term":[{"taxonomy":"product_brand","embeddable":true,"href":"https:\/\/bschairs.it\/de\/wp-json\/wp\/v2\/product_brand?post=13653"},{"taxonomy":"product_cat","embeddable":true,"href":"https:\/\/bschairs.it\/de\/wp-json\/wp\/v2\/product_cat?post=13653"},{"taxonomy":"product_tag","embeddable":true,"href":"https:\/\/bschairs.it\/de\/wp-json\/wp\/v2\/product_tag?post=13653"}],"curies":[{"name":"wp","href":"https:\/\/api.w.org\/{rel}","templated":true}]}}