{"id":13654,"date":"2024-09-13T14:38:03","date_gmt":"2024-09-13T14:38:03","guid":{"rendered":"https:\/\/bschairs.it\/?post_type=product&#038;p=13654"},"modified":"2024-10-07T11:49:41","modified_gmt":"2024-10-07T11:49:41","slug":"bloom","status":"publish","type":"product","link":"https:\/\/bschairs.it\/de\/negozio\/tutti-gli-stili\/stile-contemporaneo\/bloom\/","title":{"rendered":"Bloom"},"content":{"rendered":"<p>Das Armlehnen-Design dieses Sessels verschmilzt harmonisch mit der R\u00fcckenlehne und schafft eine k\u00fchne Silhouette. Konische Beine aus europ\u00e4ischem Buchenholz st\u00fctzen die Struktur und verleihen ihr eine elegante Note. Eine au\u00dfergew\u00f6hnliche Wahl, um jedem Raum einen Blickfang zu verleihen oder eine Leseecke aufzufrischen.<\/p>","protected":false},"excerpt":{"rendered":"<p>Das Armlehnen-Design dieses Sessels verschmilzt harmonisch mit der R\u00fcckenlehne und schafft eine k\u00fchne Silhouette. Konische Beine aus europ\u00e4ischem Buchenholz st\u00fctzen die Struktur und verleihen ihr eine elegante Note. Eine au\u00dfergew\u00f6hnliche Wahl, um jedem Raum einen Blickfang zu verleihen oder eine Leseecke aufzufrischen.<\/p>","protected":false},"featured_media":15052,"comment_status":"closed","ping_status":"closed","template":"","meta":[],"product_brand":[],"product_cat":[126,125],"product_tag":[129,133],"class_list":{"0":"post-13654","1":"product","2":"type-product","3":"status-publish","4":"has-post-thumbnail","6":"product_cat-stile-contemporaneo","7":"product_cat-tutti-gli-stili","8":"product_tag-capotavola","9":"product_tag-poltroncine","11":"first","12":"instock","13":"shipping-taxable","14":"product-type-simple"},"_links":{"self":[{"href":"https:\/\/bschairs.it\/de\/wp-json\/wp\/v2\/product\/13654","targetHints":{"allow":["GET"]}}],"collection":[{"href":"https:\/\/bschairs.it\/de\/wp-json\/wp\/v2\/product"}],"about":[{"href":"https:\/\/bschairs.it\/de\/wp-json\/wp\/v2\/types\/product"}],"replies":[{"embeddable":true,"href":"https:\/\/bschairs.it\/de\/wp-json\/wp\/v2\/comments?post=13654"}],"wp:featuredmedia":[{"embeddable":true,"href":"https:\/\/bschairs.it\/de\/wp-json\/wp\/v2\/media\/15052"}],"wp:attachment":[{"href":"https:\/\/bschairs.it\/de\/wp-json\/wp\/v2\/media?parent=13654"}],"wp:term":[{"taxonomy":"product_brand","embeddable":true,"href":"https:\/\/bschairs.it\/de\/wp-json\/wp\/v2\/product_brand?post=13654"},{"taxonomy":"product_cat","embeddable":true,"href":"https:\/\/bschairs.it\/de\/wp-json\/wp\/v2\/product_cat?post=13654"},{"taxonomy":"product_tag","embeddable":true,"href":"https:\/\/bschairs.it\/de\/wp-json\/wp\/v2\/product_tag?post=13654"}],"curies":[{"name":"wp","href":"https:\/\/api.w.org\/{rel}","templated":true}]}}